{"id":13466,"date":"2025-02-17T17:54:36","date_gmt":"2025-02-17T15:54:36","guid":{"rendered":"https:\/\/zbranebudai.sk\/product\/podlozka-pruziny-vytahovaca-9x19-2714\/"},"modified":"2026-04-09T02:25:53","modified_gmt":"2026-04-09T00:25:53","slug":"kivono-rugos-alatet-9x19-2714","status":"publish","type":"product","link":"https:\/\/zbranebudai.sk\/hu\/product\/podlozka-pruziny-vytahovaca-9x19-2714\/","title":{"rendered":"Kivon\u00f3 rug\u00f3s al\u00e1t\u00e9t (9\u00d719) (2714)"},"content":{"rendered":"","protected":false},"excerpt":{"rendered":"","protected":false},"featured_media":5863,"template":"","meta":{"_gspb_post_css":""},"product_brand":[],"product_cat":[1908,1909,1864,1820],"product_tag":[],"class_list":{"0":"post-13466","1":"product","2":"type-product","3":"status-publish","4":"has-post-thumbnail","6":"product_cat-glock-prislusenstvo","7":"product_cat-nahradne-diely-glock","8":"product_cat-pistole-zbrane-b-c","9":"product_cat-zbrane-b-c","11":"first","12":"instock","13":"taxable","14":"shipping-taxable","15":"purchasable","16":"product-type-simple"},"ct_brands":[],"_links":{"self":[{"href":"https:\/\/zbranebudai.sk\/hu\/wp-json\/wp\/v2\/product\/13466","targetHints":{"allow":["GET"]}}],"collection":[{"href":"https:\/\/zbranebudai.sk\/hu\/wp-json\/wp\/v2\/product"}],"about":[{"href":"https:\/\/zbranebudai.sk\/hu\/wp-json\/wp\/v2\/types\/product"}],"wp:featuredmedia":[{"embeddable":true,"href":"https:\/\/zbranebudai.sk\/hu\/wp-json\/wp\/v2\/media\/5863"}],"wp:attachment":[{"href":"https:\/\/zbranebudai.sk\/hu\/wp-json\/wp\/v2\/media?parent=13466"}],"wp:term":[{"taxonomy":"product_brand","embeddable":true,"href":"https:\/\/zbranebudai.sk\/hu\/wp-json\/wp\/v2\/product_brand?post=13466"},{"taxonomy":"product_cat","embeddable":true,"href":"https:\/\/zbranebudai.sk\/hu\/wp-json\/wp\/v2\/product_cat?post=13466"},{"taxonomy":"product_tag","embeddable":true,"href":"https:\/\/zbranebudai.sk\/hu\/wp-json\/wp\/v2\/product_tag?post=13466"}],"curies":[{"name":"wp","href":"https:\/\/api.w.org\/{rel}","templated":true}]}}