{"id":13465,"date":"2025-02-17T17:54:35","date_gmt":"2025-02-17T15:54:35","guid":{"rendered":"https:\/\/zbranebudai.sk\/product\/kolik-uzamykacieho-bloku-4368\/"},"modified":"2026-04-01T22:23:03","modified_gmt":"2026-04-01T20:23:03","slug":"hany-zaroblokk-4368","status":"publish","type":"product","link":"https:\/\/zbranebudai.sk\/hu\/product\/kolik-uzamykacieho-bloku-4368\/","title":{"rendered":"R\u00f6gz\u00edt\u0151szeg (4368)"},"content":{"rendered":"","protected":false},"excerpt":{"rendered":"","protected":false},"featured_media":0,"template":"","meta":{"_gspb_post_css":""},"product_brand":[],"product_cat":[1908,1909,1864,1820],"product_tag":[],"class_list":{"0":"post-13465","1":"product","2":"type-product","3":"status-publish","5":"product_cat-glock-prislusenstvo","6":"product_cat-nahradne-diely-glock","7":"product_cat-pistole-zbrane-b-c","8":"product_cat-zbrane-b-c","10":"first","11":"instock","12":"taxable","13":"shipping-taxable","14":"purchasable","15":"product-type-simple"},"ct_brands":[],"_links":{"self":[{"href":"https:\/\/zbranebudai.sk\/hu\/wp-json\/wp\/v2\/product\/13465","targetHints":{"allow":["GET"]}}],"collection":[{"href":"https:\/\/zbranebudai.sk\/hu\/wp-json\/wp\/v2\/product"}],"about":[{"href":"https:\/\/zbranebudai.sk\/hu\/wp-json\/wp\/v2\/types\/product"}],"wp:attachment":[{"href":"https:\/\/zbranebudai.sk\/hu\/wp-json\/wp\/v2\/media?parent=13465"}],"wp:term":[{"taxonomy":"product_brand","embeddable":true,"href":"https:\/\/zbranebudai.sk\/hu\/wp-json\/wp\/v2\/product_brand?post=13465"},{"taxonomy":"product_cat","embeddable":true,"href":"https:\/\/zbranebudai.sk\/hu\/wp-json\/wp\/v2\/product_cat?post=13465"},{"taxonomy":"product_tag","embeddable":true,"href":"https:\/\/zbranebudai.sk\/hu\/wp-json\/wp\/v2\/product_tag?post=13465"}],"curies":[{"name":"wp","href":"https:\/\/api.w.org\/{rel}","templated":true}]}}