{"id":13464,"date":"2025-02-17T17:54:35","date_gmt":"2025-02-17T15:54:35","guid":{"rendered":"https:\/\/zbranebudai.sk\/product\/zasobnik-g30-10-nabojov-standardny\/"},"modified":"2026-05-07T13:32:27","modified_gmt":"2026-05-07T11:32:27","slug":"g30-10-loveses-standard-tar","status":"publish","type":"product","link":"https:\/\/zbranebudai.sk\/hu\/product\/zasobnik-g30-10-nabojov-standardny\/","title":{"rendered":"G30 t\u00e1r, 10 t\u00f6lt\u00e9ny - standard"},"content":{"rendered":"","protected":false},"excerpt":{"rendered":"<p>Szabv\u00e1nyos t\u00e1r a GLOCK 30-hoz. Edzett ac\u00e9l b\u00e9l\u00e9sb\u0151l k\u00e9sz\u00fclt, amelyet high-tech polimerrel vontak be, amely v\u00e9di a t\u00e1rat \u00e9s megakad\u00e1lyozza a deform\u00e1l\u00f3d\u00e1st, m\u00e9g akkor is, ha a t\u00e1rat nagy magass\u00e1gb\u00f3l leejtik.<\/p>","protected":false},"featured_media":5854,"template":"","meta":{"_gspb_post_css":""},"product_brand":[],"product_cat":[1908,1864,1914,1820],"product_tag":[],"class_list":{"0":"post-13464","1":"product","2":"type-product","3":"status-publish","4":"has-post-thumbnail","6":"product_cat-glock-prislusenstvo","7":"product_cat-pistole-zbrane-b-c","8":"product_cat-zasobniky-glock","9":"product_cat-zbrane-b-c","11":"first","12":"instock","13":"taxable","14":"shipping-taxable","15":"purchasable","16":"product-type-simple"},"ct_brands":[],"_links":{"self":[{"href":"https:\/\/zbranebudai.sk\/hu\/wp-json\/wp\/v2\/product\/13464","targetHints":{"allow":["GET"]}}],"collection":[{"href":"https:\/\/zbranebudai.sk\/hu\/wp-json\/wp\/v2\/product"}],"about":[{"href":"https:\/\/zbranebudai.sk\/hu\/wp-json\/wp\/v2\/types\/product"}],"wp:featuredmedia":[{"embeddable":true,"href":"https:\/\/zbranebudai.sk\/hu\/wp-json\/wp\/v2\/media\/5854"}],"wp:attachment":[{"href":"https:\/\/zbranebudai.sk\/hu\/wp-json\/wp\/v2\/media?parent=13464"}],"wp:term":[{"taxonomy":"product_brand","embeddable":true,"href":"https:\/\/zbranebudai.sk\/hu\/wp-json\/wp\/v2\/product_brand?post=13464"},{"taxonomy":"product_cat","embeddable":true,"href":"https:\/\/zbranebudai.sk\/hu\/wp-json\/wp\/v2\/product_cat?post=13464"},{"taxonomy":"product_tag","embeddable":true,"href":"https:\/\/zbranebudai.sk\/hu\/wp-json\/wp\/v2\/product_tag?post=13464"}],"curies":[{"name":"wp","href":"https:\/\/api.w.org\/{rel}","templated":true}]}}