{"id":13455,"date":"2025-02-17T17:54:35","date_gmt":"2025-02-17T15:54:35","guid":{"rendered":"https:\/\/zbranebudai.sk\/product\/zachyt-zaveru-zvacseny-45-auto-6841\/"},"modified":"2026-04-30T09:29:17","modified_gmt":"2026-04-30T07:29:17","slug":"a-zaro-bilincs-elkapasa-45-kocsi-6841","status":"publish","type":"product","link":"https:\/\/zbranebudai.sk\/hu\/product\/zachyt-zaveru-zvacseny-45-auto-6841\/","title":{"rendered":"Nagy\u00edtott z\u00e1rszerkezet (.45 Auto) (6841)"},"content":{"rendered":"","protected":false},"excerpt":{"rendered":"<p>A megnagyobb\u00edtott 1034-es reteszz\u00e1r minden 10 mm-es, .45 Auto, .45 Auto \u00e9s .45 GAP kaliber\u0171 GLOCK modellhez haszn\u00e1lhat\u00f3.<\/p>","protected":false},"featured_media":5807,"template":"","meta":{"_gspb_post_css":""},"product_brand":[],"product_cat":[1908,1909,1864,1820],"product_tag":[],"class_list":{"0":"post-13455","1":"product","2":"type-product","3":"status-publish","4":"has-post-thumbnail","6":"product_cat-glock-prislusenstvo","7":"product_cat-nahradne-diely-glock","8":"product_cat-pistole-zbrane-b-c","9":"product_cat-zbrane-b-c","11":"first","12":"instock","13":"taxable","14":"shipping-taxable","15":"purchasable","16":"product-type-simple"},"ct_brands":[],"_links":{"self":[{"href":"https:\/\/zbranebudai.sk\/hu\/wp-json\/wp\/v2\/product\/13455","targetHints":{"allow":["GET"]}}],"collection":[{"href":"https:\/\/zbranebudai.sk\/hu\/wp-json\/wp\/v2\/product"}],"about":[{"href":"https:\/\/zbranebudai.sk\/hu\/wp-json\/wp\/v2\/types\/product"}],"wp:featuredmedia":[{"embeddable":true,"href":"https:\/\/zbranebudai.sk\/hu\/wp-json\/wp\/v2\/media\/5807"}],"wp:attachment":[{"href":"https:\/\/zbranebudai.sk\/hu\/wp-json\/wp\/v2\/media?parent=13455"}],"wp:term":[{"taxonomy":"product_brand","embeddable":true,"href":"https:\/\/zbranebudai.sk\/hu\/wp-json\/wp\/v2\/product_brand?post=13455"},{"taxonomy":"product_cat","embeddable":true,"href":"https:\/\/zbranebudai.sk\/hu\/wp-json\/wp\/v2\/product_cat?post=13455"},{"taxonomy":"product_tag","embeddable":true,"href":"https:\/\/zbranebudai.sk\/hu\/wp-json\/wp\/v2\/product_tag?post=13455"}],"curies":[{"name":"wp","href":"https:\/\/api.w.org\/{rel}","templated":true}]}}