{"id":13454,"date":"2025-02-17T17:54:34","date_gmt":"2025-02-17T15:54:34","guid":{"rendered":"https:\/\/zbranebudai.sk\/product\/rychlonabijac-zasobnika-glock-10mm-45-5173\/"},"modified":"2026-04-16T05:13:56","modified_gmt":"2026-04-16T03:13:56","slug":"glock-10mm-45-5173-gyorskioldo-tar","status":"publish","type":"product","link":"https:\/\/zbranebudai.sk\/hu\/product\/rychlonabijac-zasobnika-glock-10mm-45-5173\/","title":{"rendered":"GLOCK 10mm\/.45 t\u00e1r gyors t\u00f6lt\u0151 (5173)"},"content":{"rendered":"","protected":false},"excerpt":{"rendered":"","protected":false},"featured_media":0,"template":"","meta":{"_gspb_post_css":""},"product_brand":[],"product_cat":[1908,1909,1864,1820],"product_tag":[],"class_list":{"0":"post-13454","1":"product","2":"type-product","3":"status-publish","5":"product_cat-glock-prislusenstvo","6":"product_cat-nahradne-diely-glock","7":"product_cat-pistole-zbrane-b-c","8":"product_cat-zbrane-b-c","10":"first","11":"instock","12":"taxable","13":"shipping-taxable","14":"purchasable","15":"product-type-simple"},"ct_brands":[],"_links":{"self":[{"href":"https:\/\/zbranebudai.sk\/hu\/wp-json\/wp\/v2\/product\/13454","targetHints":{"allow":["GET"]}}],"collection":[{"href":"https:\/\/zbranebudai.sk\/hu\/wp-json\/wp\/v2\/product"}],"about":[{"href":"https:\/\/zbranebudai.sk\/hu\/wp-json\/wp\/v2\/types\/product"}],"wp:attachment":[{"href":"https:\/\/zbranebudai.sk\/hu\/wp-json\/wp\/v2\/media?parent=13454"}],"wp:term":[{"taxonomy":"product_brand","embeddable":true,"href":"https:\/\/zbranebudai.sk\/hu\/wp-json\/wp\/v2\/product_brand?post=13454"},{"taxonomy":"product_cat","embeddable":true,"href":"https:\/\/zbranebudai.sk\/hu\/wp-json\/wp\/v2\/product_cat?post=13454"},{"taxonomy":"product_tag","embeddable":true,"href":"https:\/\/zbranebudai.sk\/hu\/wp-json\/wp\/v2\/product_tag?post=13454"}],"curies":[{"name":"wp","href":"https:\/\/api.w.org\/{rel}","templated":true}]}}