{"id":13453,"date":"2025-02-17T17:54:34","date_gmt":"2025-02-17T15:54:34","guid":{"rendered":"https:\/\/zbranebudai.sk\/product\/zachyt-zasobnika-ovalny-short-9x19-2025\/"},"modified":"2026-04-30T10:37:19","modified_gmt":"2026-04-30T08:37:19","slug":"talcas-fogo-ovalis-rovid-9x19-2025","status":"publish","type":"product","link":"https:\/\/zbranebudai.sk\/hu\/product\/zachyt-zasobnika-ovalny-short-9x19-2025\/","title":{"rendered":"T\u00e1lcafog\u00f3 ov\u00e1lis (r\u00f6vid) (9\u00d719) (2025)"},"content":{"rendered":"","protected":false},"excerpt":{"rendered":"<p>Ov\u00e1lis t\u00e1rz\u00e1r (t\u00e1rkiold\u00f3) 2025 alkalmas a 9\u00d719, .40 SW, .357 SIG, .380 Auto kaliber\u0171 GLOCK pisztolyokhoz. A beszerel\u00e9shez a v\u00e1z m\u00f3dos\u00edt\u00e1sa sz\u00fcks\u00e9ges. Gen4 modellekhez nem alkalmas.<\/p>","protected":false},"featured_media":5794,"template":"","meta":{"_gspb_post_css":""},"product_brand":[],"product_cat":[1908,1909,1864,1820],"product_tag":[],"class_list":{"0":"post-13453","1":"product","2":"type-product","3":"status-publish","4":"has-post-thumbnail","6":"product_cat-glock-prislusenstvo","7":"product_cat-nahradne-diely-glock","8":"product_cat-pistole-zbrane-b-c","9":"product_cat-zbrane-b-c","11":"first","12":"instock","13":"taxable","14":"shipping-taxable","15":"purchasable","16":"product-type-simple"},"ct_brands":[],"_links":{"self":[{"href":"https:\/\/zbranebudai.sk\/hu\/wp-json\/wp\/v2\/product\/13453","targetHints":{"allow":["GET"]}}],"collection":[{"href":"https:\/\/zbranebudai.sk\/hu\/wp-json\/wp\/v2\/product"}],"about":[{"href":"https:\/\/zbranebudai.sk\/hu\/wp-json\/wp\/v2\/types\/product"}],"wp:featuredmedia":[{"embeddable":true,"href":"https:\/\/zbranebudai.sk\/hu\/wp-json\/wp\/v2\/media\/5794"}],"wp:attachment":[{"href":"https:\/\/zbranebudai.sk\/hu\/wp-json\/wp\/v2\/media?parent=13453"}],"wp:term":[{"taxonomy":"product_brand","embeddable":true,"href":"https:\/\/zbranebudai.sk\/hu\/wp-json\/wp\/v2\/product_brand?post=13453"},{"taxonomy":"product_cat","embeddable":true,"href":"https:\/\/zbranebudai.sk\/hu\/wp-json\/wp\/v2\/product_cat?post=13453"},{"taxonomy":"product_tag","embeddable":true,"href":"https:\/\/zbranebudai.sk\/hu\/wp-json\/wp\/v2\/product_tag?post=13453"}],"curies":[{"name":"wp","href":"https:\/\/api.w.org\/{rel}","templated":true}]}}