{"id":13452,"date":"2025-02-17T17:54:34","date_gmt":"2025-02-17T15:54:34","guid":{"rendered":"https:\/\/zbranebudai.sk\/product\/piest-do-vzduchovky-hatsan-striker\/"},"modified":"2026-04-01T22:50:04","modified_gmt":"2026-04-01T20:50:04","slug":"dugattyu-legpuskahoz-hatsan-utoszerkezethez","status":"publish","type":"product","link":"https:\/\/zbranebudai.sk\/hu\/product\/piest-do-vzduchovky-hatsan-striker\/","title":{"rendered":"Dugatty\u00fa l\u00e9gpusk\u00e1hoz Hatsan Striker"},"content":{"rendered":"","protected":false},"excerpt":{"rendered":"","protected":false},"featured_media":5776,"template":"","meta":{"_gspb_post_css":""},"product_brand":[],"product_cat":[1840,1839,1834,1824],"product_tag":[],"class_list":{"0":"post-13452","1":"product","2":"type-product","3":"status-publish","4":"has-post-thumbnail","6":"product_cat-nahradne-diely","7":"product_cat-prislusenstvo-a-nd","8":"product_cat-vzduchovky","9":"product_cat-zbrane-18-d","11":"first","12":"instock","13":"taxable","14":"shipping-taxable","15":"purchasable","16":"product-type-simple"},"ct_brands":[],"_links":{"self":[{"href":"https:\/\/zbranebudai.sk\/hu\/wp-json\/wp\/v2\/product\/13452","targetHints":{"allow":["GET"]}}],"collection":[{"href":"https:\/\/zbranebudai.sk\/hu\/wp-json\/wp\/v2\/product"}],"about":[{"href":"https:\/\/zbranebudai.sk\/hu\/wp-json\/wp\/v2\/types\/product"}],"wp:featuredmedia":[{"embeddable":true,"href":"https:\/\/zbranebudai.sk\/hu\/wp-json\/wp\/v2\/media\/5776"}],"wp:attachment":[{"href":"https:\/\/zbranebudai.sk\/hu\/wp-json\/wp\/v2\/media?parent=13452"}],"wp:term":[{"taxonomy":"product_brand","embeddable":true,"href":"https:\/\/zbranebudai.sk\/hu\/wp-json\/wp\/v2\/product_brand?post=13452"},{"taxonomy":"product_cat","embeddable":true,"href":"https:\/\/zbranebudai.sk\/hu\/wp-json\/wp\/v2\/product_cat?post=13452"},{"taxonomy":"product_tag","embeddable":true,"href":"https:\/\/zbranebudai.sk\/hu\/wp-json\/wp\/v2\/product_tag?post=13452"}],"curies":[{"name":"wp","href":"https:\/\/api.w.org\/{rel}","templated":true}]}}