{"id":13447,"date":"2025-02-17T17:54:34","date_gmt":"2025-02-17T15:54:34","guid":{"rendered":"https:\/\/zbranebudai.sk\/product\/pistol-exp-heckler-koch-p30-cierna-kal-9mm-p-a-k\/"},"modified":"2026-05-14T14:21:31","modified_gmt":"2026-05-14T12:21:31","slug":"pisztoly-exp-heckler-koch-p30-fekete-kaloria-9mm-p-a-k","status":"publish","type":"product","link":"https:\/\/zbranebudai.sk\/hu\/product\/pistol-exp-heckler-koch-p30-cierna-kal-9mm-p-a-k\/","title":{"rendered":"Pisztoly exp. Heckler &amp; Koch P30 fekete, cal. 9mm P.A.K."},"content":{"rendered":"<p>PARAM\u00c9TEREK:<\/p>\n<p>Teljes hossz: 181 mm<br \/>\nA tart\u00e1ly kapacit\u00e1sa: 15<br \/>\nRavaszmechanizmus: Double Action \/ Single Action<br \/>\nS\u00faly: 720 g<\/p>","protected":false},"excerpt":{"rendered":"<p>Heckler &amp; Koch P30 ind\u00edt\u00f3 \u00e9s g\u00e1zpisztoly modul\u00e1ris markolattal az egyedi ergon\u00f3miai be\u00e1ll\u00edt\u00e1shoz. A rend\u0151rs\u00e9g \u00e9s a katon\u00e1k k\u00f6r\u00e9ben k\u00fcl\u00f6n\u00f6sen n\u00e9pszer\u0171 \u00e9les f\u00e9lautomata pisztoly t\u00f6k\u00e9letes m\u00e1solata. A CO2 v\u00e1ltozat 15 t\u00f6lt\u00e9nyes t\u00e1rral, fekete f\u00e9m tol\u00f3cs\u00faccsal, polimer v\u00e1zzal, bele\u00e9rtve a hiteles kezel\u0151szerveket is.<\/p>","protected":false},"featured_media":5764,"template":"","meta":{"_gspb_post_css":""},"product_brand":[],"product_cat":[1825,1906,1831,1826,1824],"product_tag":[],"class_list":{"0":"post-13447","1":"product","2":"type-product","3":"status-publish","4":"has-post-thumbnail","6":"product_cat-expanzne-zbrane","7":"product_cat-heckler-koch-pistole-umarex","8":"product_cat-pistole-umarex","9":"product_cat-umarex","10":"product_cat-zbrane-18-d","12":"first","13":"instock","14":"taxable","15":"shipping-taxable","16":"purchasable","17":"product-type-simple"},"ct_brands":[],"_links":{"self":[{"href":"https:\/\/zbranebudai.sk\/hu\/wp-json\/wp\/v2\/product\/13447","targetHints":{"allow":["GET"]}}],"collection":[{"href":"https:\/\/zbranebudai.sk\/hu\/wp-json\/wp\/v2\/product"}],"about":[{"href":"https:\/\/zbranebudai.sk\/hu\/wp-json\/wp\/v2\/types\/product"}],"wp:featuredmedia":[{"embeddable":true,"href":"https:\/\/zbranebudai.sk\/hu\/wp-json\/wp\/v2\/media\/5764"}],"wp:attachment":[{"href":"https:\/\/zbranebudai.sk\/hu\/wp-json\/wp\/v2\/media?parent=13447"}],"wp:term":[{"taxonomy":"product_brand","embeddable":true,"href":"https:\/\/zbranebudai.sk\/hu\/wp-json\/wp\/v2\/product_brand?post=13447"},{"taxonomy":"product_cat","embeddable":true,"href":"https:\/\/zbranebudai.sk\/hu\/wp-json\/wp\/v2\/product_cat?post=13447"},{"taxonomy":"product_tag","embeddable":true,"href":"https:\/\/zbranebudai.sk\/hu\/wp-json\/wp\/v2\/product_tag?post=13447"}],"curies":[{"name":"wp","href":"https:\/\/api.w.org\/{rel}","templated":true}]}}