{"id":13444,"date":"2025-02-17T17:54:33","date_gmt":"2025-02-17T15:54:33","guid":{"rendered":"https:\/\/zbranebudai.sk\/product\/pruzina-piestu-hammerli-hf-750-combo\/"},"modified":"2026-03-24T12:41:18","modified_gmt":"2026-03-24T10:41:18","slug":"hammerli-hf-750-combo-dugattyurud","status":"publish","type":"product","link":"https:\/\/zbranebudai.sk\/hu\/product\/pruzina-piestu-hammerli-hf-750-combo\/","title":{"rendered":"H\u00e4mmerli HF 750 Combo dugatty\u00fa rug\u00f3"},"content":{"rendered":"","protected":false},"excerpt":{"rendered":"<p>Tavaszi er\u0151 16 J.<\/p>","protected":false},"featured_media":5726,"template":"","meta":{"_gspb_post_css":""},"product_brand":[],"product_cat":[1840,1839,1834,1824],"product_tag":[],"class_list":{"0":"post-13444","1":"product","2":"type-product","3":"status-publish","4":"has-post-thumbnail","6":"product_cat-nahradne-diely","7":"product_cat-prislusenstvo-a-nd","8":"product_cat-vzduchovky","9":"product_cat-zbrane-18-d","11":"first","12":"outofstock","13":"taxable","14":"shipping-taxable","15":"purchasable","16":"product-type-simple"},"ct_brands":[],"_links":{"self":[{"href":"https:\/\/zbranebudai.sk\/hu\/wp-json\/wp\/v2\/product\/13444","targetHints":{"allow":["GET"]}}],"collection":[{"href":"https:\/\/zbranebudai.sk\/hu\/wp-json\/wp\/v2\/product"}],"about":[{"href":"https:\/\/zbranebudai.sk\/hu\/wp-json\/wp\/v2\/types\/product"}],"wp:featuredmedia":[{"embeddable":true,"href":"https:\/\/zbranebudai.sk\/hu\/wp-json\/wp\/v2\/media\/5726"}],"wp:attachment":[{"href":"https:\/\/zbranebudai.sk\/hu\/wp-json\/wp\/v2\/media?parent=13444"}],"wp:term":[{"taxonomy":"product_brand","embeddable":true,"href":"https:\/\/zbranebudai.sk\/hu\/wp-json\/wp\/v2\/product_brand?post=13444"},{"taxonomy":"product_cat","embeddable":true,"href":"https:\/\/zbranebudai.sk\/hu\/wp-json\/wp\/v2\/product_cat?post=13444"},{"taxonomy":"product_tag","embeddable":true,"href":"https:\/\/zbranebudai.sk\/hu\/wp-json\/wp\/v2\/product_tag?post=13444"}],"curies":[{"name":"wp","href":"https:\/\/api.w.org\/{rel}","templated":true}]}}