{"id":13441,"date":"2025-02-17T17:54:33","date_gmt":"2025-02-17T15:54:33","guid":{"rendered":"https:\/\/zbranebudai.sk\/product\/adapter-multi-shooter-pre-4-svetlice\/"},"modified":"2026-04-01T22:51:05","modified_gmt":"2026-04-01T20:51:05","slug":"multi-shooter-adapter-4-faklyahoz","status":"publish","type":"product","link":"https:\/\/zbranebudai.sk\/hu\/product\/adapter-multi-shooter-pre-4-svetlice\/","title":{"rendered":"Multi-Shooter adapter 4 f\u00e1kly\u00e1hoz"},"content":{"rendered":"","protected":false},"excerpt":{"rendered":"<p>Adapter a b\u0151v\u00edt\u0151 (ind\u00edt\u00f3) \u00e1gy\u00fahoz 4 db 15 mm-es kaliber\u0171 jelz\u0151rak\u00e9ta sz\u00e1m\u00e1ra - az ind\u00edt\u00f3 (\u00fcres) l\u00f6ved\u00e9k egy l\u00f6v\u00e9se egyszerre l\u00f6vi ki az \u00f6sszes jelz\u0151rak\u00e9t\u00e1t. A csomag 3 darab C, I, K adaptert tartalmaz (C=M10x1, I=M8x1, K=M9x1) k\u00fcl\u00f6nb\u00f6z\u0151 fegyverekhez. Alkalmas pl. Walther: P22, P22Q, PK380, P88, P99, PP, Smith &amp; Wesson: Chiefs Special, Combat, 1911, Grizzly, Browning: GPDA9, Colt Government: 1911 A1, Double Eagle Combat Commander, Detective Special, Heckler&amp;Koch: P30 \u00e9s sok m\u00e1s modellhez.<\/p>","protected":false},"featured_media":5718,"template":"","meta":{"_gspb_post_css":""},"product_brand":[],"product_cat":[1825,1827,1826,1824],"product_tag":[],"class_list":{"0":"post-13441","1":"product","2":"type-product","3":"status-publish","4":"has-post-thumbnail","6":"product_cat-expanzne-zbrane","7":"product_cat-prislusenstvo-umarex","8":"product_cat-umarex","9":"product_cat-zbrane-18-d","11":"first","12":"instock","13":"taxable","14":"shipping-taxable","15":"purchasable","16":"product-type-simple"},"ct_brands":[],"_links":{"self":[{"href":"https:\/\/zbranebudai.sk\/hu\/wp-json\/wp\/v2\/product\/13441","targetHints":{"allow":["GET"]}}],"collection":[{"href":"https:\/\/zbranebudai.sk\/hu\/wp-json\/wp\/v2\/product"}],"about":[{"href":"https:\/\/zbranebudai.sk\/hu\/wp-json\/wp\/v2\/types\/product"}],"wp:featuredmedia":[{"embeddable":true,"href":"https:\/\/zbranebudai.sk\/hu\/wp-json\/wp\/v2\/media\/5718"}],"wp:attachment":[{"href":"https:\/\/zbranebudai.sk\/hu\/wp-json\/wp\/v2\/media?parent=13441"}],"wp:term":[{"taxonomy":"product_brand","embeddable":true,"href":"https:\/\/zbranebudai.sk\/hu\/wp-json\/wp\/v2\/product_brand?post=13441"},{"taxonomy":"product_cat","embeddable":true,"href":"https:\/\/zbranebudai.sk\/hu\/wp-json\/wp\/v2\/product_cat?post=13441"},{"taxonomy":"product_tag","embeddable":true,"href":"https:\/\/zbranebudai.sk\/hu\/wp-json\/wp\/v2\/product_tag?post=13441"}],"curies":[{"name":"wp","href":"https:\/\/api.w.org\/{rel}","templated":true}]}}