{"id":13439,"date":"2025-02-17T17:54:31","date_gmt":"2025-02-17T15:54:31","guid":{"rendered":"https:\/\/zbranebudai.sk\/product\/pistol-co2-umarex-cps-kal-45mm-diabolo\/"},"modified":"2026-01-17T13:11:30","modified_gmt":"2026-01-17T11:11:30","slug":"co2-pisztoly-umarex-cps-cal-45mm-diabolo","status":"publish","type":"product","link":"https:\/\/zbranebudai.sk\/hu\/product\/pistol-co2-umarex-cps-kal-45mm-diabolo\/","title":{"rendered":"CO2 pisztoly Umarex CPS, cal. 4,5mm diabolo"},"content":{"rendered":"","protected":false},"excerpt":{"rendered":"<p>CO2 pisztoly kaliber\u0171 pisztoly. 4,5mm diabolo, opp. DA rendszer, polimer v\u00e1z \u00e9s z\u00e1r\u00f3szerkezet, fekete, 85 mm-es cs\u0151, f\u00e9m t\u00e1r 8 t\u00f6lt\u00e9nyre, stretch. sebess\u00e9g ak\u00e1r 110 m\/s<\/p>","protected":false},"featured_media":5712,"template":"","meta":{"_gspb_post_css":""},"product_brand":[],"product_cat":[1829,1904,1824,1828],"product_tag":[],"class_list":{"0":"post-13439","1":"product","2":"type-product","3":"status-publish","4":"has-post-thumbnail","6":"product_cat-pistole-na-co2","7":"product_cat-ux-pistole-na-co2","8":"product_cat-zbrane-18-d","9":"product_cat-zbrane-na-co2","11":"first","12":"outofstock","13":"taxable","14":"shipping-taxable","15":"purchasable","16":"product-type-simple"},"ct_brands":[],"_links":{"self":[{"href":"https:\/\/zbranebudai.sk\/hu\/wp-json\/wp\/v2\/product\/13439","targetHints":{"allow":["GET"]}}],"collection":[{"href":"https:\/\/zbranebudai.sk\/hu\/wp-json\/wp\/v2\/product"}],"about":[{"href":"https:\/\/zbranebudai.sk\/hu\/wp-json\/wp\/v2\/types\/product"}],"wp:featuredmedia":[{"embeddable":true,"href":"https:\/\/zbranebudai.sk\/hu\/wp-json\/wp\/v2\/media\/5712"}],"wp:attachment":[{"href":"https:\/\/zbranebudai.sk\/hu\/wp-json\/wp\/v2\/media?parent=13439"}],"wp:term":[{"taxonomy":"product_brand","embeddable":true,"href":"https:\/\/zbranebudai.sk\/hu\/wp-json\/wp\/v2\/product_brand?post=13439"},{"taxonomy":"product_cat","embeddable":true,"href":"https:\/\/zbranebudai.sk\/hu\/wp-json\/wp\/v2\/product_cat?post=13439"},{"taxonomy":"product_tag","embeddable":true,"href":"https:\/\/zbranebudai.sk\/hu\/wp-json\/wp\/v2\/product_tag?post=13439"}],"curies":[{"name":"wp","href":"https:\/\/api.w.org\/{rel}","templated":true}]}}