{"id":13435,"date":"2025-02-17T17:54:31","date_gmt":"2025-02-17T15:54:31","guid":{"rendered":"https:\/\/zbranebudai.sk\/product\/revolver-exp-colt-detective-special-cierny-kal-9mm\/"},"modified":"2026-04-16T03:34:16","modified_gmt":"2026-04-16T01:34:16","slug":"revolver-exp-colt-detektiv-special-fekete-9mm-es-kaliberu-revolver","status":"publish","type":"product","link":"https:\/\/zbranebudai.sk\/hu\/product\/revolver-exp-colt-detective-special-cierny-kal-9mm\/","title":{"rendered":"Revolver exp. Colt Detective Special fekete, cal. 9mm"},"content":{"rendered":"","protected":false},"excerpt":{"rendered":"<p>Colt Detective Special revolver, SA\/DA, fekete, fekete m\u0171anyag lappal, 9mm R.K., 6 t\u00f6lt\u00e9ny, hossza 175mm, s\u00faly 640g.<\/p>","protected":false},"featured_media":5702,"template":"","meta":{"_gspb_post_css":""},"product_brand":[],"product_cat":[1901,1825,1892,1826,1824],"product_tag":[],"class_list":{"0":"post-13435","1":"product","2":"type-product","3":"status-publish","4":"has-post-thumbnail","6":"product_cat-colt-revolvery-umarex","7":"product_cat-expanzne-zbrane","8":"product_cat-revolvery-umarex","9":"product_cat-umarex","10":"product_cat-zbrane-18-d","12":"first","13":"instock","14":"taxable","15":"shipping-taxable","16":"purchasable","17":"product-type-simple"},"ct_brands":[],"_links":{"self":[{"href":"https:\/\/zbranebudai.sk\/hu\/wp-json\/wp\/v2\/product\/13435","targetHints":{"allow":["GET"]}}],"collection":[{"href":"https:\/\/zbranebudai.sk\/hu\/wp-json\/wp\/v2\/product"}],"about":[{"href":"https:\/\/zbranebudai.sk\/hu\/wp-json\/wp\/v2\/types\/product"}],"wp:featuredmedia":[{"embeddable":true,"href":"https:\/\/zbranebudai.sk\/hu\/wp-json\/wp\/v2\/media\/5702"}],"wp:attachment":[{"href":"https:\/\/zbranebudai.sk\/hu\/wp-json\/wp\/v2\/media?parent=13435"}],"wp:term":[{"taxonomy":"product_brand","embeddable":true,"href":"https:\/\/zbranebudai.sk\/hu\/wp-json\/wp\/v2\/product_brand?post=13435"},{"taxonomy":"product_cat","embeddable":true,"href":"https:\/\/zbranebudai.sk\/hu\/wp-json\/wp\/v2\/product_cat?post=13435"},{"taxonomy":"product_tag","embeddable":true,"href":"https:\/\/zbranebudai.sk\/hu\/wp-json\/wp\/v2\/product_tag?post=13435"}],"curies":[{"name":"wp","href":"https:\/\/api.w.org\/{rel}","templated":true}]}}