{"id":13427,"date":"2025-02-17T17:54:30","date_gmt":"2025-02-17T15:54:30","guid":{"rendered":"https:\/\/zbranebudai.sk\/product\/adapter-c-pre-chiefs-special-pre-signalne-strelivo\/"},"modified":"2026-04-23T08:27:17","modified_gmt":"2026-04-23T06:27:17","slug":"c-adapter-a-jelzo-loszerek-specialis-fonokei-szamara","status":"publish","type":"product","link":"https:\/\/zbranebudai.sk\/hu\/product\/adapter-c-pre-chiefs-special-pre-signalne-strelivo\/","title":{"rendered":"C adapter a Chiefs Special jelz\u0151l\u00f6ved\u00e9kekhez"},"content":{"rendered":"","protected":false},"excerpt":{"rendered":"<p>Adapter a jelz\u0151l\u0151szer kil\u00f6v\u00e9s\u00e9hez cal. 15 mm. A C adaptert az Umarex S&amp;W Chiefs Special b\u0151v\u00edt\u00e9s\u0171, kal. 9 mm-es R.K.<\/p>","protected":false},"featured_media":5684,"template":"","meta":{"_gspb_post_css":""},"product_brand":[],"product_cat":[1825,1827,1826,1824],"product_tag":[],"class_list":{"0":"post-13427","1":"product","2":"type-product","3":"status-publish","4":"has-post-thumbnail","6":"product_cat-expanzne-zbrane","7":"product_cat-prislusenstvo-umarex","8":"product_cat-umarex","9":"product_cat-zbrane-18-d","11":"first","12":"instock","13":"taxable","14":"shipping-taxable","15":"purchasable","16":"product-type-simple"},"ct_brands":[],"_links":{"self":[{"href":"https:\/\/zbranebudai.sk\/hu\/wp-json\/wp\/v2\/product\/13427","targetHints":{"allow":["GET"]}}],"collection":[{"href":"https:\/\/zbranebudai.sk\/hu\/wp-json\/wp\/v2\/product"}],"about":[{"href":"https:\/\/zbranebudai.sk\/hu\/wp-json\/wp\/v2\/types\/product"}],"wp:featuredmedia":[{"embeddable":true,"href":"https:\/\/zbranebudai.sk\/hu\/wp-json\/wp\/v2\/media\/5684"}],"wp:attachment":[{"href":"https:\/\/zbranebudai.sk\/hu\/wp-json\/wp\/v2\/media?parent=13427"}],"wp:term":[{"taxonomy":"product_brand","embeddable":true,"href":"https:\/\/zbranebudai.sk\/hu\/wp-json\/wp\/v2\/product_brand?post=13427"},{"taxonomy":"product_cat","embeddable":true,"href":"https:\/\/zbranebudai.sk\/hu\/wp-json\/wp\/v2\/product_cat?post=13427"},{"taxonomy":"product_tag","embeddable":true,"href":"https:\/\/zbranebudai.sk\/hu\/wp-json\/wp\/v2\/product_tag?post=13427"}],"curies":[{"name":"wp","href":"https:\/\/api.w.org\/{rel}","templated":true}]}}