{"id":13426,"date":"2025-02-17T17:54:30","date_gmt":"2025-02-17T15:54:30","guid":{"rendered":"https:\/\/zbranebudai.sk\/product\/pistol-co2-colt-special-combat-classic-kal-45mm-bb\/"},"modified":"2026-04-16T03:59:09","modified_gmt":"2026-04-16T01:59:09","slug":"pisztoly-co2-colt-special-combat-classic-cal-45mm-bb-pisztoly","status":"publish","type":"product","link":"https:\/\/zbranebudai.sk\/hu\/product\/pistol-co2-colt-special-combat-classic-kal-45mm-bb\/","title":{"rendered":"CO2 pisztoly Colt Special Combat Classic, cal. 4,5mm BB"},"content":{"rendered":"<p>PARAM\u00c9TEREK:<\/p>\n<p>Energia: 3 J<br \/>\nMenetsebess\u00e9g: 120 m\/s<br \/>\nCs\u0151hossz: 128 mm<br \/>\nTeljes hossz: 218 mm<br \/>\nKapacit\u00e1s: 19<br \/>\nCO\u2082 bomba kapacit\u00e1sa: 70 l\u00f6v\u00e9s<br \/>\nS\u00faly: 928 g\u00a0<\/p>","protected":false},"excerpt":{"rendered":"<p>Kiv\u00e1l\u00f3 min\u0151s\u00e9g\u0171 CO2 pisztoly st\u00edlusos kivitelben a n\u00e9met Umarex c\u00e9gt\u0151l. CO2 modell Colt Special Combat Classic, cal. 4,5mm BB a h\u00edres amerikai klasszikus Colt 1911-es m\u00e1solata. A teljesen f\u00e9mb\u0151l k\u00e9sz\u00fclt konstrukci\u00f3nak \u00e9s a gy\u00f6ny\u00f6r\u0171en pol\u00edrozott cs\u0151nek k\u00f6sz\u00f6nhet\u0151en a pisztoly s\u00falya 928 g, \u00e9s nagyon \u00e9leth\u0171en \u00e9s \u00e9rt\u00e9kesen n\u00e9z ki. Nagyszer\u0171 \u00e1r\/min\u0151s\u00e9g ar\u00e1ny.<\/p>","protected":false},"featured_media":5682,"template":"","meta":{"_gspb_post_css":""},"product_brand":[],"product_cat":[1900,1829,1824,1828],"product_tag":[],"class_list":{"0":"post-13426","1":"product","2":"type-product","3":"status-publish","4":"has-post-thumbnail","6":"product_cat-colt-pistole-na-co2","7":"product_cat-pistole-na-co2","8":"product_cat-zbrane-18-d","9":"product_cat-zbrane-na-co2","11":"first","12":"instock","13":"taxable","14":"shipping-taxable","15":"purchasable","16":"product-type-simple"},"ct_brands":[],"_links":{"self":[{"href":"https:\/\/zbranebudai.sk\/hu\/wp-json\/wp\/v2\/product\/13426","targetHints":{"allow":["GET"]}}],"collection":[{"href":"https:\/\/zbranebudai.sk\/hu\/wp-json\/wp\/v2\/product"}],"about":[{"href":"https:\/\/zbranebudai.sk\/hu\/wp-json\/wp\/v2\/types\/product"}],"wp:featuredmedia":[{"embeddable":true,"href":"https:\/\/zbranebudai.sk\/hu\/wp-json\/wp\/v2\/media\/5682"}],"wp:attachment":[{"href":"https:\/\/zbranebudai.sk\/hu\/wp-json\/wp\/v2\/media?parent=13426"}],"wp:term":[{"taxonomy":"product_brand","embeddable":true,"href":"https:\/\/zbranebudai.sk\/hu\/wp-json\/wp\/v2\/product_brand?post=13426"},{"taxonomy":"product_cat","embeddable":true,"href":"https:\/\/zbranebudai.sk\/hu\/wp-json\/wp\/v2\/product_cat?post=13426"},{"taxonomy":"product_tag","embeddable":true,"href":"https:\/\/zbranebudai.sk\/hu\/wp-json\/wp\/v2\/product_tag?post=13426"}],"curies":[{"name":"wp","href":"https:\/\/api.w.org\/{rel}","templated":true}]}}