{"id":13424,"date":"2025-02-17T17:54:30","date_gmt":"2025-02-17T15:54:30","guid":{"rendered":"https:\/\/zbranebudai.sk\/product\/pistol-co2-walther-cp99-compact-kal-45mm-bb\/"},"modified":"2026-05-14T14:44:37","modified_gmt":"2026-05-14T12:44:37","slug":"co2-pisztoly-walther-cp99-kompakt-cal-45mm-bb","status":"publish","type":"product","link":"https:\/\/zbranebudai.sk\/hu\/product\/pistol-co2-walther-cp99-compact-kal-45mm-bb\/","title":{"rendered":"CO2 pisztoly Walther CP99 Compact, cal. 4,5mm BB"},"content":{"rendered":"","protected":false},"excerpt":{"rendered":"<p>CO2 pisztoly kaliber\u0171 pisztoly. 4,5mm BB - ac\u00e9lgoly\u00f3, opp. Blow Back SA rendszer, polimer v\u00e1z, mozgathat\u00f3 f\u00e9m cs\u00faszka, fekete, 91 mm-es cs\u0151, 18-ran. t\u00e1r, torkolati sebess\u00e9g 90 m\/s-ig.<\/p>","protected":false},"featured_media":5678,"template":"","meta":{"_gspb_post_css":""},"product_brand":[],"product_cat":[1829,2226,1824,1828],"product_tag":[],"class_list":{"0":"post-13424","1":"product","2":"type-product","3":"status-publish","4":"has-post-thumbnail","6":"product_cat-pistole-na-co2","7":"product_cat-walther-pistole-na-co2","8":"product_cat-zbrane-18-d","9":"product_cat-zbrane-na-co2","11":"first","12":"instock","13":"taxable","14":"shipping-taxable","15":"purchasable","16":"product-type-simple"},"ct_brands":[],"_links":{"self":[{"href":"https:\/\/zbranebudai.sk\/hu\/wp-json\/wp\/v2\/product\/13424","targetHints":{"allow":["GET"]}}],"collection":[{"href":"https:\/\/zbranebudai.sk\/hu\/wp-json\/wp\/v2\/product"}],"about":[{"href":"https:\/\/zbranebudai.sk\/hu\/wp-json\/wp\/v2\/types\/product"}],"wp:featuredmedia":[{"embeddable":true,"href":"https:\/\/zbranebudai.sk\/hu\/wp-json\/wp\/v2\/media\/5678"}],"wp:attachment":[{"href":"https:\/\/zbranebudai.sk\/hu\/wp-json\/wp\/v2\/media?parent=13424"}],"wp:term":[{"taxonomy":"product_brand","embeddable":true,"href":"https:\/\/zbranebudai.sk\/hu\/wp-json\/wp\/v2\/product_brand?post=13424"},{"taxonomy":"product_cat","embeddable":true,"href":"https:\/\/zbranebudai.sk\/hu\/wp-json\/wp\/v2\/product_cat?post=13424"},{"taxonomy":"product_tag","embeddable":true,"href":"https:\/\/zbranebudai.sk\/hu\/wp-json\/wp\/v2\/product_tag?post=13424"}],"curies":[{"name":"wp","href":"https:\/\/api.w.org\/{rel}","templated":true}]}}