{"id":13423,"date":"2025-02-17T17:54:30","date_gmt":"2025-02-17T15:54:30","guid":{"rendered":"https:\/\/zbranebudai.sk\/product\/pistol-co2-beretta-px4-storm-kal-45mm-diab-bb\/"},"modified":"2026-04-16T04:13:54","modified_gmt":"2026-04-16T02:13:54","slug":"co2-pisztoly-beretta-px4-storm-cal-45mm-diab-bb","status":"publish","type":"product","link":"https:\/\/zbranebudai.sk\/hu\/product\/pistol-co2-beretta-px4-storm-kal-45mm-diab-bb\/","title":{"rendered":"CO2 pisztoly Beretta Px4 Storm, cal. 4,5mm \u00e1tm\u00e9r\u0151j\u0171 \/BB"},"content":{"rendered":"<p>PARAM\u00c9TEREK:<\/p>\n<p>Energia: legfeljebb 3 J<br \/>\nMenetsebess\u00e9g: ak\u00e1r 115 m\/s<br \/>\nCs\u0151hossz: 114 mm<br \/>\nTeljes hossz: 190 mm<br \/>\nA tart\u00e1ly kapacit\u00e1sa: 2\u00d78<br \/>\nCO\u2082 bomba kapacit\u00e1sa: 60 l\u00f6v\u00e9s<br \/>\nS\u00faly: 725 g\u00a0<\/p>","protected":false},"excerpt":{"rendered":"<p>CO2 pisztoly Beretta Px4 Storm, cal. 4,5mm \u00e1tm\u00e9r\u0151j\u0171 \/BB a f\u0151k\u00e9nt az USA-ban haszn\u00e1lt taktikai Beretta Px4 kiv\u00e1l\u00f3 m\u00e1solata. A konstrukci\u00f3 polimer v\u00e1z \u00e9s f\u00e9m cs\u00faszka kombin\u00e1ci\u00f3ja, a bels\u0151 mechanizmusok szint\u00e9n f\u00e9mb\u0151l k\u00e9sz\u00fcltek. K\u00fcl\u00f6nlegess\u00e9ge a k\u00e9t 8 l\u00f6v\u00e9ses hengerrel ell\u00e1tott t\u00e1r. Az egyik henger ki\u00fcr\u00edt\u00e9se ut\u00e1n a l\u00f6v\u00e9sznek csak ki kell vennie a t\u00e1rat, \u00e9s elforgatni azt, hogy \u00fajabb nyolc l\u00f6v\u00e9st kapjon. Ez mind BB goly\u00f3kkal, mind 4,5 mm-es goly\u00f3kkal m\u0171k\u00f6dik. A CO2 Beretta Px4 Storm mindk\u00e9t t\u00edpus\u00fa l\u0151szer t\u00e1rol\u00e1s\u00e1ra alkalmas. Egy m\u00e1sik fontos r\u00e9szlet ennek a CO2 pisztolynak az er\u0151teljes blowback hat\u00e1sa, amely nagyon val\u00f3s\u00e1gh\u0171 l\u00f6v\u00e9st tesz lehet\u0151v\u00e9.<\/p>","protected":false},"featured_media":5676,"template":"","meta":{"_gspb_post_css":""},"product_brand":[],"product_cat":[1836,1829,1824,1828],"product_tag":[],"class_list":{"0":"post-13423","1":"product","2":"type-product","3":"status-publish","4":"has-post-thumbnail","6":"product_cat-beretta","7":"product_cat-pistole-na-co2","8":"product_cat-zbrane-18-d","9":"product_cat-zbrane-na-co2","11":"first","12":"instock","13":"taxable","14":"shipping-taxable","15":"purchasable","16":"product-type-simple"},"ct_brands":[],"_links":{"self":[{"href":"https:\/\/zbranebudai.sk\/hu\/wp-json\/wp\/v2\/product\/13423","targetHints":{"allow":["GET"]}}],"collection":[{"href":"https:\/\/zbranebudai.sk\/hu\/wp-json\/wp\/v2\/product"}],"about":[{"href":"https:\/\/zbranebudai.sk\/hu\/wp-json\/wp\/v2\/types\/product"}],"wp:featuredmedia":[{"embeddable":true,"href":"https:\/\/zbranebudai.sk\/hu\/wp-json\/wp\/v2\/media\/5676"}],"wp:attachment":[{"href":"https:\/\/zbranebudai.sk\/hu\/wp-json\/wp\/v2\/media?parent=13423"}],"wp:term":[{"taxonomy":"product_brand","embeddable":true,"href":"https:\/\/zbranebudai.sk\/hu\/wp-json\/wp\/v2\/product_brand?post=13423"},{"taxonomy":"product_cat","embeddable":true,"href":"https:\/\/zbranebudai.sk\/hu\/wp-json\/wp\/v2\/product_cat?post=13423"},{"taxonomy":"product_tag","embeddable":true,"href":"https:\/\/zbranebudai.sk\/hu\/wp-json\/wp\/v2\/product_tag?post=13423"}],"curies":[{"name":"wp","href":"https:\/\/api.w.org\/{rel}","templated":true}]}}