{"id":13421,"date":"2025-02-17T17:54:29","date_gmt":"2025-02-17T15:54:29","guid":{"rendered":"https:\/\/zbranebudai.sk\/product\/revolver-exp-sw-chiefs-special-nickel-kal-9mm\/"},"modified":"2026-04-16T03:34:16","modified_gmt":"2026-04-16T01:34:16","slug":"revolver-exp-sw-fonokok-specialis-nikkel-kaliber-9mm","status":"publish","type":"product","link":"https:\/\/zbranebudai.sk\/hu\/product\/revolver-exp-sw-chiefs-special-nickel-kal-9mm\/","title":{"rendered":"Revolver exp. S&amp;W Chiefs Special nikkel, cal. 9mm"},"content":{"rendered":"","protected":false},"excerpt":{"rendered":"<p>Smith Wesson Shiefs Special expanzi\u00f3s (ind\u00edt\u00f3 \u00e9s g\u00e1z) revolver, SA\/DA, szat\u00e9n kivitel, fekete m\u0171anyag markolat, cal. 9mm R.K., kapacit\u00e1s 5 t\u00f6lt\u00e9ny, hossza 155mm, s\u00faly 500g.<\/p>","protected":false},"featured_media":5672,"template":"","meta":{"_gspb_post_css":""},"product_brand":[],"product_cat":[1825,1892,1893,1826,1824],"product_tag":[],"class_list":{"0":"post-13421","1":"product","2":"type-product","3":"status-publish","4":"has-post-thumbnail","6":"product_cat-expanzne-zbrane","7":"product_cat-revolvery-umarex","8":"product_cat-smith-wesson","9":"product_cat-umarex","10":"product_cat-zbrane-18-d","12":"first","13":"instock","14":"taxable","15":"shipping-taxable","16":"purchasable","17":"product-type-simple"},"ct_brands":[],"_links":{"self":[{"href":"https:\/\/zbranebudai.sk\/hu\/wp-json\/wp\/v2\/product\/13421","targetHints":{"allow":["GET"]}}],"collection":[{"href":"https:\/\/zbranebudai.sk\/hu\/wp-json\/wp\/v2\/product"}],"about":[{"href":"https:\/\/zbranebudai.sk\/hu\/wp-json\/wp\/v2\/types\/product"}],"wp:featuredmedia":[{"embeddable":true,"href":"https:\/\/zbranebudai.sk\/hu\/wp-json\/wp\/v2\/media\/5672"}],"wp:attachment":[{"href":"https:\/\/zbranebudai.sk\/hu\/wp-json\/wp\/v2\/media?parent=13421"}],"wp:term":[{"taxonomy":"product_brand","embeddable":true,"href":"https:\/\/zbranebudai.sk\/hu\/wp-json\/wp\/v2\/product_brand?post=13421"},{"taxonomy":"product_cat","embeddable":true,"href":"https:\/\/zbranebudai.sk\/hu\/wp-json\/wp\/v2\/product_cat?post=13421"},{"taxonomy":"product_tag","embeddable":true,"href":"https:\/\/zbranebudai.sk\/hu\/wp-json\/wp\/v2\/product_tag?post=13421"}],"curies":[{"name":"wp","href":"https:\/\/api.w.org\/{rel}","templated":true}]}}