{"id":13411,"date":"2025-02-17T17:54:28","date_gmt":"2025-02-17T15:54:28","guid":{"rendered":"https:\/\/zbranebudai.sk\/product\/ruger-mark-iv-hunter-40118-kal-22lr\/"},"modified":"2026-04-16T04:02:55","modified_gmt":"2026-04-16T02:02:55","slug":"ruger-mark-iv-vadasz-40118-cal-22lr","status":"publish","type":"product","link":"https:\/\/zbranebudai.sk\/hu\/product\/ruger-mark-iv-hunter-40118-kal-22lr\/","title":{"rendered":"Ruger Mark IV Hunter 40118, cal. .22LR"},"content":{"rendered":"","protected":false},"excerpt":{"rendered":"<p>Kal. .22LR, Hunter, rozsdamentes ac\u00e9l, csatorn\u00e1zott cs\u0151 6,88\u2033 (17,5 cm), 28,2 cm teljes, s\u00faly 1247 g, t\u00e1rkapacit\u00e1s 10 l\u00f6v\u00e9s, oldals\u00f3 \u00e9s magass\u00e1gban \u00e1ll\u00edthat\u00f3 c\u00e9lz\u00f3k\u00e9sz\u00fcl\u00e9k, piros vil\u00e1gosk\u00e9k c\u00e9lz\u00f3k\u00e9sz\u00fcl\u00e9k, barna lamin\u00e1lt sz\u00e1r.  K\u00e9szleten 2024. november k\u00f6zep\u00e9n.<\/p>","protected":false},"featured_media":5639,"template":"","meta":{"_gspb_post_css":""},"product_brand":[],"product_cat":[1895,1864,1877,1820],"product_tag":[],"class_list":{"0":"post-13411","1":"product","2":"type-product","3":"status-publish","4":"has-post-thumbnail","6":"product_cat-mark-iv","7":"product_cat-pistole-zbrane-b-c","8":"product_cat-ruger-pistole-zbrane-b-c","9":"product_cat-zbrane-b-c","11":"first","12":"instock","13":"taxable","14":"shipping-taxable","15":"purchasable","16":"product-type-simple"},"ct_brands":[],"_links":{"self":[{"href":"https:\/\/zbranebudai.sk\/hu\/wp-json\/wp\/v2\/product\/13411","targetHints":{"allow":["GET"]}}],"collection":[{"href":"https:\/\/zbranebudai.sk\/hu\/wp-json\/wp\/v2\/product"}],"about":[{"href":"https:\/\/zbranebudai.sk\/hu\/wp-json\/wp\/v2\/types\/product"}],"wp:featuredmedia":[{"embeddable":true,"href":"https:\/\/zbranebudai.sk\/hu\/wp-json\/wp\/v2\/media\/5639"}],"wp:attachment":[{"href":"https:\/\/zbranebudai.sk\/hu\/wp-json\/wp\/v2\/media?parent=13411"}],"wp:term":[{"taxonomy":"product_brand","embeddable":true,"href":"https:\/\/zbranebudai.sk\/hu\/wp-json\/wp\/v2\/product_brand?post=13411"},{"taxonomy":"product_cat","embeddable":true,"href":"https:\/\/zbranebudai.sk\/hu\/wp-json\/wp\/v2\/product_cat?post=13411"},{"taxonomy":"product_tag","embeddable":true,"href":"https:\/\/zbranebudai.sk\/hu\/wp-json\/wp\/v2\/product_tag?post=13411"}],"curies":[{"name":"wp","href":"https:\/\/api.w.org\/{rel}","templated":true}]}}