{"id":13409,"date":"2025-02-17T17:54:26","date_gmt":"2025-02-17T15:54:26","guid":{"rendered":"https:\/\/zbranebudai.sk\/product\/ruger-vaquero-blued-5106-kal-357mag\/"},"modified":"2026-04-16T04:11:54","modified_gmt":"2026-04-16T02:11:54","slug":"ruger-vaquero-kek-5106-cal-357mag","status":"publish","type":"product","link":"https:\/\/zbranebudai.sk\/hu\/product\/ruger-vaquero-blued-5106-kal-357mag\/","title":{"rendered":"Ruger Vaquero Blued 5106, cal. .357Mag."},"content":{"rendered":"<p>PARAM\u00c9TEREK:<\/p>\n<p>T\u00e1rkapacit\u00e1s: 6 t\u00f6lt\u00e9ny<br \/>\nCs\u0151hossz: 140 mm (5.5in)<br \/>\nTeljes hossz: 282 mm<br \/>\nCs\u0151oszt\u00e1s: 1:16\u2033 RH<br \/>\nS\u00faly: 1,25 kg<\/p>","protected":false},"excerpt":{"rendered":"<p>A Ruger Vaquero egycs\u00f6v\u0171 revolverek sorozata nyugati st\u00edlus\u00fa kialak\u00edt\u00e1s\u00fa, hagyom\u00e1nyos, k\u00e9nyelmes markolatokat haszn\u00e1l\u00f3, fa sz\u00e1r\u00fa revolverekkel. A szabadalmaztatott, ford\u00edtott index\u0171 z\u00e1r lehet\u0151v\u00e9 teszi a k\u00f6nnyebb bet\u00f6lt\u00e9st \u00e9s kirak\u00e1st, m\u00edg a hagyom\u00e1nyos ferde henger megk\u00f6nny\u00edti a pisztolyt\u00e1sk\u00e1t. A hordoz\u00f3s\u00edn-mechanizmus \u00e9s a t\u00f6lt\u0151z\u00e1r p\u00e1ratlan biztons\u00e1got ny\u00fajt a v\u00e9letlen kis\u00fcl\u00e9s ellen. A hidegen kov\u00e1csolt cs\u0151 kiv\u00e9teles pontoss\u00e1got \u00e9s hossz\u00fa \u00e9lettartamot biztos\u00edt. A hagyom\u00e1nyos nagym\u00e9ret\u0171 c\u00e9lz\u00f3k\u00e9sz\u00fcl\u00e9k \u00e9s az integr\u00e1lt c\u00e9lt\u00e1vcs\u0151 minden cowboynak vagy cowgirlnek tetszeni fog. A .357 Magnum modellek dupla kaliber\u0171ek, \u00e9s a kal. .38 Special kaliber\u0171 kalibereket.<\/p>","protected":false},"featured_media":5631,"template":"","meta":{"_gspb_post_css":""},"product_brand":[],"product_cat":[1858,1859,1887,1820],"product_tag":[],"class_list":{"0":"post-13409","1":"product","2":"type-product","3":"status-publish","4":"has-post-thumbnail","6":"product_cat-revolvery-zbrane-b-c","7":"product_cat-ruger-revolvery-zbrane-b-c","8":"product_cat-ruger-vaquero","9":"product_cat-zbrane-b-c","11":"first","12":"instock","13":"taxable","14":"shipping-taxable","15":"purchasable","16":"product-type-simple"},"ct_brands":[],"_links":{"self":[{"href":"https:\/\/zbranebudai.sk\/hu\/wp-json\/wp\/v2\/product\/13409","targetHints":{"allow":["GET"]}}],"collection":[{"href":"https:\/\/zbranebudai.sk\/hu\/wp-json\/wp\/v2\/product"}],"about":[{"href":"https:\/\/zbranebudai.sk\/hu\/wp-json\/wp\/v2\/types\/product"}],"wp:featuredmedia":[{"embeddable":true,"href":"https:\/\/zbranebudai.sk\/hu\/wp-json\/wp\/v2\/media\/5631"}],"wp:attachment":[{"href":"https:\/\/zbranebudai.sk\/hu\/wp-json\/wp\/v2\/media?parent=13409"}],"wp:term":[{"taxonomy":"product_brand","embeddable":true,"href":"https:\/\/zbranebudai.sk\/hu\/wp-json\/wp\/v2\/product_brand?post=13409"},{"taxonomy":"product_cat","embeddable":true,"href":"https:\/\/zbranebudai.sk\/hu\/wp-json\/wp\/v2\/product_cat?post=13409"},{"taxonomy":"product_tag","embeddable":true,"href":"https:\/\/zbranebudai.sk\/hu\/wp-json\/wp\/v2\/product_tag?post=13409"}],"curies":[{"name":"wp","href":"https:\/\/api.w.org\/{rel}","templated":true}]}}