{"id":13407,"date":"2025-02-17T17:54:26","date_gmt":"2025-02-17T15:54:26","guid":{"rendered":"https:\/\/zbranebudai.sk\/product\/zasobnik-na-8-diaboliek-kal-45mm\/"},"modified":"2026-05-07T11:44:32","modified_gmt":"2026-05-07T09:44:32","slug":"tar-8-lovedekhez-45mm-kaliberu","status":"publish","type":"product","link":"https:\/\/zbranebudai.sk\/hu\/product\/zasobnik-na-8-diaboliek-kal-45mm\/","title":{"rendered":"T\u00f6lt\u00e9nyt\u00e1r 8 goly\u00f3 kal. 4,5mm"},"content":{"rendered":"","protected":false},"excerpt":{"rendered":"<p>8 db 4,5 mm-es kaliber\u0171 t\u00f6lt\u00e9nyt\u00e1r a CP99, CP Sport (CPS), P30, PPQ \u00e9s m\u00e1s modellekhez.<\/p>","protected":false},"featured_media":5619,"template":"","meta":{"_gspb_post_css":""},"product_brand":[],"product_cat":[1833,1824,1828],"product_tag":[],"class_list":{"0":"post-13407","1":"product","2":"type-product","3":"status-publish","4":"has-post-thumbnail","6":"product_cat-co2-prislusenstvo","7":"product_cat-zbrane-18-d","8":"product_cat-zbrane-na-co2","10":"first","11":"instock","12":"taxable","13":"shipping-taxable","14":"purchasable","15":"product-type-simple"},"ct_brands":[],"_links":{"self":[{"href":"https:\/\/zbranebudai.sk\/hu\/wp-json\/wp\/v2\/product\/13407","targetHints":{"allow":["GET"]}}],"collection":[{"href":"https:\/\/zbranebudai.sk\/hu\/wp-json\/wp\/v2\/product"}],"about":[{"href":"https:\/\/zbranebudai.sk\/hu\/wp-json\/wp\/v2\/types\/product"}],"wp:featuredmedia":[{"embeddable":true,"href":"https:\/\/zbranebudai.sk\/hu\/wp-json\/wp\/v2\/media\/5619"}],"wp:attachment":[{"href":"https:\/\/zbranebudai.sk\/hu\/wp-json\/wp\/v2\/media?parent=13407"}],"wp:term":[{"taxonomy":"product_brand","embeddable":true,"href":"https:\/\/zbranebudai.sk\/hu\/wp-json\/wp\/v2\/product_brand?post=13407"},{"taxonomy":"product_cat","embeddable":true,"href":"https:\/\/zbranebudai.sk\/hu\/wp-json\/wp\/v2\/product_cat?post=13407"},{"taxonomy":"product_tag","embeddable":true,"href":"https:\/\/zbranebudai.sk\/hu\/wp-json\/wp\/v2\/product_tag?post=13407"}],"curies":[{"name":"wp","href":"https:\/\/api.w.org\/{rel}","templated":true}]}}