{"id":13401,"date":"2025-02-17T17:54:26","date_gmt":"2025-02-17T15:54:26","guid":{"rendered":"https:\/\/zbranebudai.sk\/product\/adapter-p-pre-p22-p22q-p30-pre-signalne-strelivo\/"},"modified":"2026-04-23T07:30:18","modified_gmt":"2026-04-23T05:30:18","slug":"p-adapter-p22-p22q-p30-jelzo-loszerekhez","status":"publish","type":"product","link":"https:\/\/zbranebudai.sk\/hu\/product\/adapter-p-pre-p22-p22q-p30-pre-signalne-strelivo\/","title":{"rendered":"P adapter P22\/P22Q\/P30-hoz jelz\u0151 l\u0151szerekhez"},"content":{"rendered":"","protected":false},"excerpt":{"rendered":"<p>Adapter a jelz\u0151l\u0151szer kil\u00f6v\u00e9s\u00e9hez cal. 15 mm. A P adapter az Umarex b\u0151v\u00edt\u0151 pisztolyok cal. 9 mm PA: Heckler &amp; Koch P30, Reck Goliath, Walther P22, Walther P22Q.<\/p>","protected":false},"featured_media":5605,"template":"","meta":{"_gspb_post_css":""},"product_brand":[],"product_cat":[1825,1827,1826,1824],"product_tag":[],"class_list":{"0":"post-13401","1":"product","2":"type-product","3":"status-publish","4":"has-post-thumbnail","6":"product_cat-expanzne-zbrane","7":"product_cat-prislusenstvo-umarex","8":"product_cat-umarex","9":"product_cat-zbrane-18-d","11":"first","12":"outofstock","13":"taxable","14":"shipping-taxable","15":"purchasable","16":"product-type-simple"},"ct_brands":[],"_links":{"self":[{"href":"https:\/\/zbranebudai.sk\/hu\/wp-json\/wp\/v2\/product\/13401","targetHints":{"allow":["GET"]}}],"collection":[{"href":"https:\/\/zbranebudai.sk\/hu\/wp-json\/wp\/v2\/product"}],"about":[{"href":"https:\/\/zbranebudai.sk\/hu\/wp-json\/wp\/v2\/types\/product"}],"wp:featuredmedia":[{"embeddable":true,"href":"https:\/\/zbranebudai.sk\/hu\/wp-json\/wp\/v2\/media\/5605"}],"wp:attachment":[{"href":"https:\/\/zbranebudai.sk\/hu\/wp-json\/wp\/v2\/media?parent=13401"}],"wp:term":[{"taxonomy":"product_brand","embeddable":true,"href":"https:\/\/zbranebudai.sk\/hu\/wp-json\/wp\/v2\/product_brand?post=13401"},{"taxonomy":"product_cat","embeddable":true,"href":"https:\/\/zbranebudai.sk\/hu\/wp-json\/wp\/v2\/product_cat?post=13401"},{"taxonomy":"product_tag","embeddable":true,"href":"https:\/\/zbranebudai.sk\/hu\/wp-json\/wp\/v2\/product_tag?post=13401"}],"curies":[{"name":"wp","href":"https:\/\/api.w.org\/{rel}","templated":true}]}}