{"id":13400,"date":"2025-02-17T17:54:25","date_gmt":"2025-02-17T15:54:25","guid":{"rendered":"https:\/\/zbranebudai.sk\/product\/adapter-i-pre-p99-pp-ppq-m2-mp9c-pre-signalne-strelivo\/"},"modified":"2026-04-16T04:50:02","modified_gmt":"2026-04-16T02:50:02","slug":"adapter-i-a-p99-pp-ppq-m2-mp9c-jelzo-loszerhez","status":"publish","type":"product","link":"https:\/\/zbranebudai.sk\/hu\/product\/adapter-i-pre-p99-pp-ppq-m2-mp9c-pre-signalne-strelivo\/","title":{"rendered":"Adapter I P99\/PP\/PPQ M2\/MP9c jelz\u0151 l\u0151szerekhez"},"content":{"rendered":"","protected":false},"excerpt":{"rendered":"<p>Adapter a jelz\u0151l\u0151szer kil\u00f6v\u00e9s\u00e9hez cal. 15 mm. Az I. adapter az Umarex b\u0151v\u00edt\u0151 pisztolyok cal. 9 mm PA: Walther P99, Walther PP, Walther PPQ M2 \u00e9s S&amp;W M&amp;P9c.<\/p>","protected":false},"featured_media":5603,"template":"","meta":{"_gspb_post_css":""},"product_brand":[],"product_cat":[1825,1827,1826,1824],"product_tag":[],"class_list":{"0":"post-13400","1":"product","2":"type-product","3":"status-publish","4":"has-post-thumbnail","6":"product_cat-expanzne-zbrane","7":"product_cat-prislusenstvo-umarex","8":"product_cat-umarex","9":"product_cat-zbrane-18-d","11":"first","12":"instock","13":"taxable","14":"shipping-taxable","15":"purchasable","16":"product-type-simple"},"ct_brands":[],"_links":{"self":[{"href":"https:\/\/zbranebudai.sk\/hu\/wp-json\/wp\/v2\/product\/13400","targetHints":{"allow":["GET"]}}],"collection":[{"href":"https:\/\/zbranebudai.sk\/hu\/wp-json\/wp\/v2\/product"}],"about":[{"href":"https:\/\/zbranebudai.sk\/hu\/wp-json\/wp\/v2\/types\/product"}],"wp:featuredmedia":[{"embeddable":true,"href":"https:\/\/zbranebudai.sk\/hu\/wp-json\/wp\/v2\/media\/5603"}],"wp:attachment":[{"href":"https:\/\/zbranebudai.sk\/hu\/wp-json\/wp\/v2\/media?parent=13400"}],"wp:term":[{"taxonomy":"product_brand","embeddable":true,"href":"https:\/\/zbranebudai.sk\/hu\/wp-json\/wp\/v2\/product_brand?post=13400"},{"taxonomy":"product_cat","embeddable":true,"href":"https:\/\/zbranebudai.sk\/hu\/wp-json\/wp\/v2\/product_cat?post=13400"},{"taxonomy":"product_tag","embeddable":true,"href":"https:\/\/zbranebudai.sk\/hu\/wp-json\/wp\/v2\/product_tag?post=13400"}],"curies":[{"name":"wp","href":"https:\/\/api.w.org\/{rel}","templated":true}]}}