{"id":13399,"date":"2025-02-17T17:54:25","date_gmt":"2025-02-17T15:54:25","guid":{"rendered":"https:\/\/zbranebudai.sk\/product\/pistol-exp-colt-government-1911-a1-cierna-kal-9mm-p-a-k\/"},"modified":"2026-04-16T03:34:15","modified_gmt":"2026-04-16T01:34:15","slug":"pisztoly-exp-colt-kormany-1911-a1-fekete-kaloria-9mm-p-a-k","status":"publish","type":"product","link":"https:\/\/zbranebudai.sk\/hu\/product\/pistol-exp-colt-government-1911-a1-cierna-kal-9mm-p-a-k\/","title":{"rendered":"Pisztoly exp. Colt Government 1911 A1 A1 fekete, cal. 9mm P.A.K."},"content":{"rendered":"<p>PARAM\u00c9TEREK:<\/p>\n<p>Teljes hossz: 220 mm<br \/>\nT\u00e1lcakapacit\u00e1s: 8<br \/>\nS\u00faly: 960 g<\/p>","protected":false},"excerpt":{"rendered":"<p>A Colt Government 1911 A1 expanzi\u00f3s (ind\u00edt\u00f3 \u00e9s g\u00e1zpisztoly) pisztoly minden id\u0151k tal\u00e1n legh\u00edresebb Colt M1911 pisztoly\u00e1nak hiteles m\u00e1solata. Ez a John Moses Browning tervezte pisztoly 1911-es bevezet\u00e9se \u00f3ta az egyik legsz\u00e9lesebb k\u00f6rben haszn\u00e1lt \u00f6nt\u00f6lt\u0151 pisztoly. Nagy kaliber\u0171s\u00e9ge \u00e9s robusztuss\u00e1ga katonai haszn\u00e1latra t\u00f6k\u00e9letes pisztolly\u00e1 tette. Sz\u00e1mos t\u00f6rt\u00e9nelmi csat\u00e1ban szolg\u00e1lt. Ez a b\u00fcszke t\u00f6rt\u00e9nelem az, ami a mai napig a gy\u0171jt\u0151ket, sportl\u00f6v\u00e9szeket \u00e9s biztons\u00e1gi szak\u00e9rt\u0151ket vil\u00e1gszerte rabul ejti. A ropog\u00f3s .45-\u00f6s kaliber\u0171 \u00e1llom\u00e1nyt \u00e1tdolgozt\u00e1k 9 mm-es P.A.K. g\u00e1zpisztolyra.<\/p>","protected":false},"featured_media":5601,"template":"","meta":{"_gspb_post_css":""},"product_brand":[],"product_cat":[1894,1825,1831,1826,1824],"product_tag":[],"class_list":{"0":"post-13399","1":"product","2":"type-product","3":"status-publish","4":"has-post-thumbnail","6":"product_cat-colt","7":"product_cat-expanzne-zbrane","8":"product_cat-pistole-umarex","9":"product_cat-umarex","10":"product_cat-zbrane-18-d","12":"first","13":"instock","14":"taxable","15":"shipping-taxable","16":"purchasable","17":"product-type-simple"},"ct_brands":[],"_links":{"self":[{"href":"https:\/\/zbranebudai.sk\/hu\/wp-json\/wp\/v2\/product\/13399","targetHints":{"allow":["GET"]}}],"collection":[{"href":"https:\/\/zbranebudai.sk\/hu\/wp-json\/wp\/v2\/product"}],"about":[{"href":"https:\/\/zbranebudai.sk\/hu\/wp-json\/wp\/v2\/types\/product"}],"wp:featuredmedia":[{"embeddable":true,"href":"https:\/\/zbranebudai.sk\/hu\/wp-json\/wp\/v2\/media\/5601"}],"wp:attachment":[{"href":"https:\/\/zbranebudai.sk\/hu\/wp-json\/wp\/v2\/media?parent=13399"}],"wp:term":[{"taxonomy":"product_brand","embeddable":true,"href":"https:\/\/zbranebudai.sk\/hu\/wp-json\/wp\/v2\/product_brand?post=13399"},{"taxonomy":"product_cat","embeddable":true,"href":"https:\/\/zbranebudai.sk\/hu\/wp-json\/wp\/v2\/product_cat?post=13399"},{"taxonomy":"product_tag","embeddable":true,"href":"https:\/\/zbranebudai.sk\/hu\/wp-json\/wp\/v2\/product_tag?post=13399"}],"curies":[{"name":"wp","href":"https:\/\/api.w.org\/{rel}","templated":true}]}}