{"id":13398,"date":"2025-02-17T17:54:25","date_gmt":"2025-02-17T15:54:25","guid":{"rendered":"https:\/\/zbranebudai.sk\/product\/pistol-exp-walther-p22-bicolor-kal-9mm-p-a-k\/"},"modified":"2026-01-17T12:53:30","modified_gmt":"2026-01-17T10:53:30","slug":"pisztoly-exp-walther-p22-bicolor-cal-9-mm-p-a-k","status":"publish","type":"product","link":"https:\/\/zbranebudai.sk\/hu\/product\/pistol-exp-walther-p22-bicolor-kal-9mm-p-a-k\/","title":{"rendered":"Pisztoly exp. Walther P22 bicolor, cal. 9mm P.A.K."},"content":{"rendered":"<p>PARAM\u00c9TEREK:<\/p>\n<p>Teljes hossz: 154 mm<br \/>\nT\u00e1lcakapacit\u00e1s: 7<br \/>\nS\u00faly: 440 g<\/p>","protected":false},"excerpt":{"rendered":"<p>A tekint\u00e9lyes n\u00e9met UMAREX gy\u00e1rt\u00f3 Walther P22 expanzi\u00f3s (ind\u00edt\u00f3 \u00e9s g\u00e1z) pisztolya a Walther P22 modell egyedi, 100% h\u0171 m\u00e1solata. Az egyetlen k\u00fcl\u00f6nbs\u00e9g az \u00e9les v\u00e1ltozathoz k\u00e9pest a cs\u00f6vek, amelyek karbidb\u00f3l k\u00e9sz\u00fclt cs\u0151terel\u0151vel rendelkeznek. Tart\u00f3s matt nikkelezett kivitelben. Kiv\u00e1l\u00f3an form\u00e1zott, ergonomikus markolat, amely b\u00e1rki kez\u00e9be illik. Fel\u00fclete bord\u00e1zott, hogy biztos \u00e9s stabil fog\u00e1st biztos\u00edtson. T\u00fczel\u00e9si rendszer, mint a f\u00e9lautomata \u00e9les v\u00e1ltozatn\u00e1l. A pisztolyt csak az els\u0151 l\u00f6v\u00e9s lead\u00e1sa el\u0151tt kell felh\u00fazni, a l\u00f6v\u00e9s ut\u00e1n a pisztoly \u00fajrat\u00f6lt\u0151dik.<\/p>","protected":false},"featured_media":5599,"template":"","meta":{"_gspb_post_css":""},"product_brand":[],"product_cat":[1825,1831,1826,1830,1824],"product_tag":[],"class_list":{"0":"post-13398","1":"product","2":"type-product","3":"status-publish","4":"has-post-thumbnail","6":"product_cat-expanzne-zbrane","7":"product_cat-pistole-umarex","8":"product_cat-umarex","9":"product_cat-walther","10":"product_cat-zbrane-18-d","12":"first","13":"outofstock","14":"taxable","15":"shipping-taxable","16":"purchasable","17":"product-type-simple"},"ct_brands":[],"_links":{"self":[{"href":"https:\/\/zbranebudai.sk\/hu\/wp-json\/wp\/v2\/product\/13398","targetHints":{"allow":["GET"]}}],"collection":[{"href":"https:\/\/zbranebudai.sk\/hu\/wp-json\/wp\/v2\/product"}],"about":[{"href":"https:\/\/zbranebudai.sk\/hu\/wp-json\/wp\/v2\/types\/product"}],"wp:featuredmedia":[{"embeddable":true,"href":"https:\/\/zbranebudai.sk\/hu\/wp-json\/wp\/v2\/media\/5599"}],"wp:attachment":[{"href":"https:\/\/zbranebudai.sk\/hu\/wp-json\/wp\/v2\/media?parent=13398"}],"wp:term":[{"taxonomy":"product_brand","embeddable":true,"href":"https:\/\/zbranebudai.sk\/hu\/wp-json\/wp\/v2\/product_brand?post=13398"},{"taxonomy":"product_cat","embeddable":true,"href":"https:\/\/zbranebudai.sk\/hu\/wp-json\/wp\/v2\/product_cat?post=13398"},{"taxonomy":"product_tag","embeddable":true,"href":"https:\/\/zbranebudai.sk\/hu\/wp-json\/wp\/v2\/product_tag?post=13398"}],"curies":[{"name":"wp","href":"https:\/\/api.w.org\/{rel}","templated":true}]}}