{"id":13381,"date":"2025-02-17T17:54:23","date_gmt":"2025-02-17T15:54:23","guid":{"rendered":"https:\/\/zbranebudai.sk\/product\/ruger-gp100-1702-kal-357mag\/"},"modified":"2026-04-30T10:41:11","modified_gmt":"2026-04-30T08:41:11","slug":"ruger-gp100-1702-cal-357mag","status":"publish","type":"product","link":"https:\/\/zbranebudai.sk\/hu\/product\/ruger-gp100-1702-kal-357mag\/","title":{"rendered":"Ruger GP100 1702, cal. .357Mag."},"content":{"rendered":"<p>PARAM\u00c9TEREK:<\/p>\n<p>Kapacit\u00e1s: 6 t\u00f6lt\u00e9ny<br \/>\nCs\u0151hossz: 107 mm (4.2\u2033)<br \/>\nTeljes hossz: 241 mm<br \/>\nCs\u0151oszt\u00e1s: 1:18.75\u2033 RH<br \/>\nAnyag: ac\u00e9l<br \/>\nS\u00faly: 1,13 kg<\/p>","protected":false},"excerpt":{"rendered":"<p>Ruger GP100 1702 revolver fekete kivitelben, 4,2\"-os cs\u0151vel \u00e9s dupla akci\u00f3s ravaszral. A k\u00e9nyelmes fekete gumi markolat k\u00f6nnyen levehet\u0151, \u00e9s m\u00e1s markolattal, vagy egyedi markolattal cser\u00e9lhet\u0151.<\/p>","protected":false},"featured_media":5523,"template":"","meta":{"_gspb_post_css":""},"product_brand":[],"product_cat":[1886,1858,1859,1820],"product_tag":[],"class_list":{"0":"post-13381","1":"product","2":"type-product","3":"status-publish","4":"has-post-thumbnail","6":"product_cat-gp100","7":"product_cat-revolvery-zbrane-b-c","8":"product_cat-ruger-revolvery-zbrane-b-c","9":"product_cat-zbrane-b-c","11":"first","12":"instock","13":"taxable","14":"shipping-taxable","15":"purchasable","16":"product-type-simple"},"ct_brands":[],"_links":{"self":[{"href":"https:\/\/zbranebudai.sk\/hu\/wp-json\/wp\/v2\/product\/13381","targetHints":{"allow":["GET"]}}],"collection":[{"href":"https:\/\/zbranebudai.sk\/hu\/wp-json\/wp\/v2\/product"}],"about":[{"href":"https:\/\/zbranebudai.sk\/hu\/wp-json\/wp\/v2\/types\/product"}],"wp:featuredmedia":[{"embeddable":true,"href":"https:\/\/zbranebudai.sk\/hu\/wp-json\/wp\/v2\/media\/5523"}],"wp:attachment":[{"href":"https:\/\/zbranebudai.sk\/hu\/wp-json\/wp\/v2\/media?parent=13381"}],"wp:term":[{"taxonomy":"product_brand","embeddable":true,"href":"https:\/\/zbranebudai.sk\/hu\/wp-json\/wp\/v2\/product_brand?post=13381"},{"taxonomy":"product_cat","embeddable":true,"href":"https:\/\/zbranebudai.sk\/hu\/wp-json\/wp\/v2\/product_cat?post=13381"},{"taxonomy":"product_tag","embeddable":true,"href":"https:\/\/zbranebudai.sk\/hu\/wp-json\/wp\/v2\/product_tag?post=13381"}],"curies":[{"name":"wp","href":"https:\/\/api.w.org\/{rel}","templated":true}]}}