{"id":13378,"date":"2025-02-17T17:54:21","date_gmt":"2025-02-17T15:54:21","guid":{"rendered":"https:\/\/zbranebudai.sk\/product\/pistol-hk-usp-expert-kal-9x19\/"},"modified":"2026-04-09T01:59:53","modified_gmt":"2026-04-08T23:59:53","slug":"pisztoly-hk-usp-szakerto-cal-9x19","status":"publish","type":"product","link":"https:\/\/zbranebudai.sk\/hu\/product\/pistol-hk-usp-expert-kal-9x19\/","title":{"rendered":"Pisztoly HK USP Expert, cal. 9\u00d719"},"content":{"rendered":"<p>PARAM\u00c9TEREK:<\/p>\n<p>Kiold\u00e1si ellen\u00e1ll\u00e1s: 17 N (SA)<br \/>\nT\u00e1rkapacit\u00e1s: 18 t\u00f6lt\u00e9ny<br \/>\nCs\u0151hossz: 132 mm<br \/>\nTeljes hossz: 221 mm<br \/>\nSz\u00e9less\u00e9g: 29 mm<br \/>\nMagass\u00e1g: 132 mm<br \/>\nSz\u00e1nd\u00e9kos hossz: 190 mm<br \/>\nS\u00faly: 930 g<\/p>\n<p>CSOMAG TARTALMA:<\/p>\n<p>1x Pisztoly<br \/>\n2x t\u00e1lca<br \/>\n1x b\u0151r\u00f6nd<\/p>","protected":false},"excerpt":{"rendered":"<p>.<\/p>","protected":false},"featured_media":5515,"template":"","meta":{"_gspb_post_css":""},"product_brand":[],"product_cat":[1865,1864,1885,1820],"product_tag":[],"class_list":{"0":"post-13378","1":"product","2":"type-product","3":"status-publish","4":"has-post-thumbnail","6":"product_cat-heckler-koch-pistole-zbrane-b-c","7":"product_cat-pistole-zbrane-b-c","8":"product_cat-usp","9":"product_cat-zbrane-b-c","11":"first","12":"instock","13":"taxable","14":"shipping-taxable","15":"purchasable","16":"product-type-simple"},"ct_brands":[],"_links":{"self":[{"href":"https:\/\/zbranebudai.sk\/hu\/wp-json\/wp\/v2\/product\/13378","targetHints":{"allow":["GET"]}}],"collection":[{"href":"https:\/\/zbranebudai.sk\/hu\/wp-json\/wp\/v2\/product"}],"about":[{"href":"https:\/\/zbranebudai.sk\/hu\/wp-json\/wp\/v2\/types\/product"}],"wp:featuredmedia":[{"embeddable":true,"href":"https:\/\/zbranebudai.sk\/hu\/wp-json\/wp\/v2\/media\/5515"}],"wp:attachment":[{"href":"https:\/\/zbranebudai.sk\/hu\/wp-json\/wp\/v2\/media?parent=13378"}],"wp:term":[{"taxonomy":"product_brand","embeddable":true,"href":"https:\/\/zbranebudai.sk\/hu\/wp-json\/wp\/v2\/product_brand?post=13378"},{"taxonomy":"product_cat","embeddable":true,"href":"https:\/\/zbranebudai.sk\/hu\/wp-json\/wp\/v2\/product_cat?post=13378"},{"taxonomy":"product_tag","embeddable":true,"href":"https:\/\/zbranebudai.sk\/hu\/wp-json\/wp\/v2\/product_tag?post=13378"}],"curies":[{"name":"wp","href":"https:\/\/api.w.org\/{rel}","templated":true}]}}