{"id":13374,"date":"2025-02-17T17:54:21","date_gmt":"2025-02-17T15:54:21","guid":{"rendered":"https:\/\/zbranebudai.sk\/product\/hammerli-tac-r1-22-kal-22lr\/"},"modified":"2026-04-09T01:21:54","modified_gmt":"2026-04-08T23:21:54","slug":"hammerli-tac-r1-22-cal-22lr","status":"publish","type":"product","link":"https:\/\/zbranebudai.sk\/hu\/product\/hammerli-tac-r1-22-kal-22lr\/","title":{"rendered":"Hammerli TAC R1 22, cal. .22LR"},"content":{"rendered":"<p>PARAM\u00c9TEREK:<\/p>\n<p>Cs\u0151hossz: 409 mm<br \/>\nTeljes hossz: 830 - 910 mm<br \/>\nPicatinny s\u00edn: igen<br \/>\nMenet a hord\u00f3 sz\u00e1j\u00e1n: 1\/2\u2033-28 UNEF<br \/>\nT\u00e1rkapacit\u00e1s: 10 t\u00f6lt\u00e9ny<br \/>\nS\u00faly: 2550 g (t\u00e1r n\u00e9lk\u00fcl)<\/p>\n<p>CSOMAG TARTALMA:<\/p>\n<p>1x Hammerli TAC R1 22-es kism\u00e9ret\u0171 puska, kaliber. .22LR<br \/>\n1x Flashhider<br \/>\n2x Sz\u00e9tszerel\u0151 szersz\u00e1m<\/p>","protected":false},"excerpt":{"rendered":"<p>\u00daj, nagyon pontos \u00f6nt\u00f6lt\u0151 kis kaliber\u0171 .22LR (HV) puska a n\u00e9met UMAREX gy\u00e1rt\u00f3t\u00f3l. Alternat\u00edv megold\u00e1s Steel Challenge versenyekre. T\u00e1r 10 t\u00f6lt\u00e9nyre, 5 \u00e1ll\u00e1s\u00fa teleszk\u00f3pos sz\u00e1r, k\u00e9tlyuk\u00fa, k\u00f6r alak\u00fa, oldalir\u00e1nyban \u00e1ll\u00edthat\u00f3 h\u00e1ts\u00f3 ir\u00e1nyz\u00e9k, magass\u00e1gban \u00e1ll\u00edthat\u00f3 h\u00e1ts\u00f3 ir\u00e1nyz\u00e9k, mind a h\u00e1ts\u00f3, mind az els\u0151 ir\u00e1nyz\u00e9k \u00f6sszecsukhat\u00f3 \u00e9s levehet\u0151, M-LOK markolat. A cs\u00faszka sebess\u00e9ge be\u00e1ll\u00edthat\u00f3 a k\u00fcl\u00f6nb\u00f6z\u0151 l\u0151szerig\u00e9nyekhez. 20 \u00e9s 30 t\u00f6lt\u00e9nyes t\u00e1rak v\u00e1s\u00e1rolhat\u00f3k.<\/p>","protected":false},"featured_media":5245,"template":"","meta":{"_gspb_post_css":""},"product_brand":[],"product_cat":[1821,1883,1884,1820],"product_tag":[],"class_list":{"0":"post-13374","1":"product","2":"type-product","3":"status-publish","4":"has-post-thumbnail","6":"product_cat-gulovnice-zbrane-b-c","7":"product_cat-hammerli","8":"product_cat-hammerli-tac-r1","9":"product_cat-zbrane-b-c","11":"first","12":"instock","13":"taxable","14":"shipping-taxable","15":"purchasable","16":"product-type-simple"},"ct_brands":[],"_links":{"self":[{"href":"https:\/\/zbranebudai.sk\/hu\/wp-json\/wp\/v2\/product\/13374","targetHints":{"allow":["GET"]}}],"collection":[{"href":"https:\/\/zbranebudai.sk\/hu\/wp-json\/wp\/v2\/product"}],"about":[{"href":"https:\/\/zbranebudai.sk\/hu\/wp-json\/wp\/v2\/types\/product"}],"wp:featuredmedia":[{"embeddable":true,"href":"https:\/\/zbranebudai.sk\/hu\/wp-json\/wp\/v2\/media\/5245"}],"wp:attachment":[{"href":"https:\/\/zbranebudai.sk\/hu\/wp-json\/wp\/v2\/media?parent=13374"}],"wp:term":[{"taxonomy":"product_brand","embeddable":true,"href":"https:\/\/zbranebudai.sk\/hu\/wp-json\/wp\/v2\/product_brand?post=13374"},{"taxonomy":"product_cat","embeddable":true,"href":"https:\/\/zbranebudai.sk\/hu\/wp-json\/wp\/v2\/product_cat?post=13374"},{"taxonomy":"product_tag","embeddable":true,"href":"https:\/\/zbranebudai.sk\/hu\/wp-json\/wp\/v2\/product_tag?post=13374"}],"curies":[{"name":"wp","href":"https:\/\/api.w.org\/{rel}","templated":true}]}}