{"id":13373,"date":"2025-02-17T17:54:21","date_gmt":"2025-02-17T15:54:21","guid":{"rendered":"https:\/\/zbranebudai.sk\/product\/zasobnik-pre-umarex-850-m2-polymerovy-kal-45mm\/"},"modified":"2026-05-07T11:52:25","modified_gmt":"2026-05-07T09:52:25","slug":"tartaly-umarex-850-m2-polimer-iszaphoz-45-mm-es-polimer-iszaphoz","status":"publish","type":"product","link":"https:\/\/zbranebudai.sk\/hu\/product\/zasobnik-pre-umarex-850-m2-polymerovy-kal-45mm\/","title":{"rendered":"T\u00f6lt\u00e9nyt\u00e1r Umarex 850 M2 polimerhez, cal. 4,5mm"},"content":{"rendered":"","protected":false},"excerpt":{"rendered":"<p>Polimer t\u00e1r 8 db 4,5 mm-es kaliber\u0171 goly\u00f3hoz Umarex 850 M2 \u00e9s H\u00e4mmerli 850 AirMagnum pusk\u00e1khoz.<\/p>","protected":false},"featured_media":5233,"template":"","meta":{"_gspb_post_css":""},"product_brand":[],"product_cat":[1833,1824,1828],"product_tag":[],"class_list":{"0":"post-13373","1":"product","2":"type-product","3":"status-publish","4":"has-post-thumbnail","6":"product_cat-co2-prislusenstvo","7":"product_cat-zbrane-18-d","8":"product_cat-zbrane-na-co2","10":"first","11":"instock","12":"taxable","13":"shipping-taxable","14":"purchasable","15":"product-type-simple"},"ct_brands":[],"_links":{"self":[{"href":"https:\/\/zbranebudai.sk\/hu\/wp-json\/wp\/v2\/product\/13373","targetHints":{"allow":["GET"]}}],"collection":[{"href":"https:\/\/zbranebudai.sk\/hu\/wp-json\/wp\/v2\/product"}],"about":[{"href":"https:\/\/zbranebudai.sk\/hu\/wp-json\/wp\/v2\/types\/product"}],"wp:featuredmedia":[{"embeddable":true,"href":"https:\/\/zbranebudai.sk\/hu\/wp-json\/wp\/v2\/media\/5233"}],"wp:attachment":[{"href":"https:\/\/zbranebudai.sk\/hu\/wp-json\/wp\/v2\/media?parent=13373"}],"wp:term":[{"taxonomy":"product_brand","embeddable":true,"href":"https:\/\/zbranebudai.sk\/hu\/wp-json\/wp\/v2\/product_brand?post=13373"},{"taxonomy":"product_cat","embeddable":true,"href":"https:\/\/zbranebudai.sk\/hu\/wp-json\/wp\/v2\/product_cat?post=13373"},{"taxonomy":"product_tag","embeddable":true,"href":"https:\/\/zbranebudai.sk\/hu\/wp-json\/wp\/v2\/product_tag?post=13373"}],"curies":[{"name":"wp","href":"https:\/\/api.w.org\/{rel}","templated":true}]}}