{"id":13370,"date":"2025-02-17T17:54:21","date_gmt":"2025-02-17T15:54:21","guid":{"rendered":"https:\/\/zbranebudai.sk\/product\/picatinny-lista-tikka-t3x-t3-cierna\/"},"modified":"2026-04-16T04:05:05","modified_gmt":"2026-04-16T02:05:05","slug":"pikatinny-lista-tikka-t3x-t3-fekete","status":"publish","type":"product","link":"https:\/\/zbranebudai.sk\/hu\/product\/picatinny-lista-tikka-t3x-t3-cierna\/","title":{"rendered":"Picatinny s\u00edn Tikka T3x\/T3 fekete"},"content":{"rendered":"","protected":false},"excerpt":{"rendered":"<p>Fekete ac\u00e9l Picatinny s\u00edn Tikka T3x \u00e9s T3 pusk\u00e1khoz. Csavarok \u00e9s csapok mell\u00e9kelve. A s\u00edn teljes hossza 164 mm (r\u00e9gi k\u00f3d: S585T334, \u00faj k\u00f3d: S54065187).<\/p>","protected":false},"featured_media":5221,"template":"","meta":{"_gspb_post_css":""},"product_brand":[],"product_cat":[1879,1821,1855,1854,1820],"product_tag":[],"class_list":{"0":"post-13370","1":"product","2":"type-product","3":"status-publish","4":"has-post-thumbnail","6":"product_cat-doplnky","7":"product_cat-gulovnice-zbrane-b-c","8":"product_cat-prislusenstvo-tikka","9":"product_cat-tikka","10":"product_cat-zbrane-b-c","12":"first","13":"instock","14":"taxable","15":"shipping-taxable","16":"purchasable","17":"product-type-simple"},"ct_brands":[],"_links":{"self":[{"href":"https:\/\/zbranebudai.sk\/hu\/wp-json\/wp\/v2\/product\/13370","targetHints":{"allow":["GET"]}}],"collection":[{"href":"https:\/\/zbranebudai.sk\/hu\/wp-json\/wp\/v2\/product"}],"about":[{"href":"https:\/\/zbranebudai.sk\/hu\/wp-json\/wp\/v2\/types\/product"}],"wp:featuredmedia":[{"embeddable":true,"href":"https:\/\/zbranebudai.sk\/hu\/wp-json\/wp\/v2\/media\/5221"}],"wp:attachment":[{"href":"https:\/\/zbranebudai.sk\/hu\/wp-json\/wp\/v2\/media?parent=13370"}],"wp:term":[{"taxonomy":"product_brand","embeddable":true,"href":"https:\/\/zbranebudai.sk\/hu\/wp-json\/wp\/v2\/product_brand?post=13370"},{"taxonomy":"product_cat","embeddable":true,"href":"https:\/\/zbranebudai.sk\/hu\/wp-json\/wp\/v2\/product_cat?post=13370"},{"taxonomy":"product_tag","embeddable":true,"href":"https:\/\/zbranebudai.sk\/hu\/wp-json\/wp\/v2\/product_tag?post=13370"}],"curies":[{"name":"wp","href":"https:\/\/api.w.org\/{rel}","templated":true}]}}