{"id":13365,"date":"2025-02-17T17:54:20","date_gmt":"2025-02-17T15:54:20","guid":{"rendered":"https:\/\/zbranebudai.sk\/product\/tikka-t3x-tac-a1-lh-kal-65-creedmoor-ns-10rd-fs-mb-24in-mt5-8-24\/"},"modified":"2026-04-01T23:38:55","modified_gmt":"2026-04-01T21:38:55","slug":"tikka-t3x-tac-a1-lh-kal-65-creedmoor-ns-10rd-fs-mb-24in-mt5-8-24","status":"publish","type":"product","link":"https:\/\/zbranebudai.sk\/hu\/product\/tikka-t3x-tac-a1-lh-kal-65-creedmoor-ns-10rd-fs-mb-24in-mt5-8-24\/","title":{"rendered":"\u00c1llv\u00e1ny szarvas tr\u00f3fea k\u00f6r"},"content":{"rendered":"<p>\u00c1llv\u00e1ny szarvas tr\u00f3fe\u00e1khoz kerek<\/p>\n<p>K\u00f3d: 146<\/p>\n<p>A term\u00e9k el\u0151nyei:<\/p>\n<ul>\n<li>\u00c1llv\u00e1ny magass\u00e1ga 30 cm:<\/li>\n<\/ul>\n<p>Kompakt m\u00e9ret\u00e9vel ide\u00e1lis tr\u00f3fea bemutat\u00f3t biztos\u00edt.<\/p>\n<ul>\n<li>Teljesen f\u00e9mb\u0151l k\u00e9sz\u00fclt:<\/li>\n<\/ul>\n<p>A robusztus anyagnak k\u00f6sz\u00f6nhet\u0151en stabilit\u00e1st \u00e9s tart\u00f3ss\u00e1got biztos\u00edt.<\/p>\n<ul>\n<li>Porsz\u00f3r\u00e1s<\/li>\n<li>Szilikon cs\u00fasz\u00e1sg\u00e1tl\u00f3 p\u00e1rn\u00e1k:<\/li>\n<\/ul>\n<p>V\u00e9di az aljzatot a kop\u00e1st\u00f3l \u00e9s a s\u00e9r\u00fcl\u00e9sekt\u0151l.<\/p>\n<ul>\n<li>Szilikon cs\u00f6vek:<\/li>\n<\/ul>\n<p>Megakad\u00e1lyozza a tr\u00f3fea lees\u00e9s\u00e9t \u00e9s biztos\u00edtja annak stabil r\u00f6gz\u00edt\u00e9s\u00e9t<\/p>","protected":false},"excerpt":{"rendered":"<p>Stojan na srn\u010d\u00ed trofeje kulat\u00fd Kod: 146 V\u00fdhody produktu: V\u00fd\u0161ka stojanu 30 cm: Poskytuje ide\u00e1ln\u00ed zobrazen\u00ed trofeje s kompaktn\u00ed velikost\u00ed. Celokovov\u00e1 konstrukce: Zaji\u0161\u0165uje stabilitu a dlouhou \u017eivotnost d\u00edky robustn\u00edmu materi\u00e1lu. Pr\u00e1\u0161kov\u00e9 lakov\u00e1n\u00ed Silikonov\u00e9 protiskluzov\u00e9 podlo\u017eky: Chr\u00e1n\u00ed podklad p\u0159ed od\u011brem a po\u0161kozen\u00edm. Silikonov\u00e1 hadi\u010dka: Zabra\u0148uje p\u00e1du trofeje a zaji\u0161\u0165uje jej\u00ed stabiln\u00ed uchycen\u00ed<\/p>","protected":false},"featured_media":16887,"template":"","meta":{"_gspb_post_css":""},"product_brand":[],"product_cat":[15],"product_tag":[],"class_list":{"0":"post-13365","1":"product","2":"type-product","3":"status-publish","4":"has-post-thumbnail","6":"product_cat-uncategorized","8":"first","9":"instock","10":"taxable","11":"shipping-taxable","12":"purchasable","13":"product-type-simple"},"ct_brands":[],"_links":{"self":[{"href":"https:\/\/zbranebudai.sk\/hu\/wp-json\/wp\/v2\/product\/13365","targetHints":{"allow":["GET"]}}],"collection":[{"href":"https:\/\/zbranebudai.sk\/hu\/wp-json\/wp\/v2\/product"}],"about":[{"href":"https:\/\/zbranebudai.sk\/hu\/wp-json\/wp\/v2\/types\/product"}],"wp:featuredmedia":[{"embeddable":true,"href":"https:\/\/zbranebudai.sk\/hu\/wp-json\/wp\/v2\/media\/16887"}],"wp:attachment":[{"href":"https:\/\/zbranebudai.sk\/hu\/wp-json\/wp\/v2\/media?parent=13365"}],"wp:term":[{"taxonomy":"product_brand","embeddable":true,"href":"https:\/\/zbranebudai.sk\/hu\/wp-json\/wp\/v2\/product_brand?post=13365"},{"taxonomy":"product_cat","embeddable":true,"href":"https:\/\/zbranebudai.sk\/hu\/wp-json\/wp\/v2\/product_cat?post=13365"},{"taxonomy":"product_tag","embeddable":true,"href":"https:\/\/zbranebudai.sk\/hu\/wp-json\/wp\/v2\/product_tag?post=13365"}],"curies":[{"name":"wp","href":"https:\/\/api.w.org\/{rel}","templated":true}]}}