{"id":13363,"date":"2025-02-17T17:54:20","date_gmt":"2025-02-17T15:54:20","guid":{"rendered":"https:\/\/zbranebudai.sk\/product\/vzduchovka-hammerli-hf-900-combo-kal-45mm\/"},"modified":"2026-04-16T03:53:58","modified_gmt":"2026-04-16T01:53:58","slug":"legpuska-hammerli-hf-900-combo-cal-45mm","status":"publish","type":"product","link":"https:\/\/zbranebudai.sk\/hu\/product\/vzduchovka-hammerli-hf-900-combo-kal-45mm\/","title":{"rendered":"H\u00e4mmerli HF 900 Combo l\u00e9gpuska, cal. 4,5mm"},"content":{"rendered":"","protected":false},"excerpt":{"rendered":"<p>A H\u00e4mmerli Hunter Force 900 Combo egy j\u00f3l ismert \u00e9s bev\u00e1lt 4,5 mm-es l\u00e9gpuska, amely a r\u00f6gz\u00edtett cs\u0151 alatt fesz\u00edt\u0151karral rendelkezik. Fa sz\u00e1rral, f\u00e9nyvezet\u0151 c\u00e9lz\u00f3k\u00e9sz\u00fcl\u00e9kkel (piros sz\u00e1las) \u00e9s ir\u00e1nyz\u00e9kkal (z\u00f6ld sz\u00e1las), automatikus k\u00e9zi biztos\u00edt\u00f3val \u00e9s puha, \u00fct\u00e9seket j\u00f3l elnyel\u0151 sz\u00e1rbakanccsal rendelkezik. Az ir\u00e1nyz\u00e9k magass\u00e1gban \u00e9s oldalir\u00e1nyban \u00e1ll\u00edthat\u00f3. Tartozik hozz\u00e1 UX 6\u00d740-es t\u00e1vcs\u0151 foglalattal \u00e9s kupakokkal, n\u00e9gykar\u00fa, sz\u00e1nd\u00e9kos warez, k\u00f6z\u00e9pen menetes kereszttel. Cs\u0151hossz 483 mm, teljes hossza 1140 mm, s\u00faly 3665 g. Cs\u0151 torkolati energi\u00e1ja 16 J.<\/p>","protected":false},"featured_media":5180,"template":"","meta":{"_gspb_post_css":""},"product_brand":[],"product_cat":[1835,1834,1824],"product_tag":[],"class_list":{"0":"post-13363","1":"product","2":"type-product","3":"status-publish","4":"has-post-thumbnail","6":"product_cat-dlhe-vzduchovky","7":"product_cat-vzduchovky","8":"product_cat-zbrane-18-d","10":"first","11":"instock","12":"taxable","13":"shipping-taxable","14":"purchasable","15":"product-type-simple"},"ct_brands":[],"_links":{"self":[{"href":"https:\/\/zbranebudai.sk\/hu\/wp-json\/wp\/v2\/product\/13363","targetHints":{"allow":["GET"]}}],"collection":[{"href":"https:\/\/zbranebudai.sk\/hu\/wp-json\/wp\/v2\/product"}],"about":[{"href":"https:\/\/zbranebudai.sk\/hu\/wp-json\/wp\/v2\/types\/product"}],"wp:featuredmedia":[{"embeddable":true,"href":"https:\/\/zbranebudai.sk\/hu\/wp-json\/wp\/v2\/media\/5180"}],"wp:attachment":[{"href":"https:\/\/zbranebudai.sk\/hu\/wp-json\/wp\/v2\/media?parent=13363"}],"wp:term":[{"taxonomy":"product_brand","embeddable":true,"href":"https:\/\/zbranebudai.sk\/hu\/wp-json\/wp\/v2\/product_brand?post=13363"},{"taxonomy":"product_cat","embeddable":true,"href":"https:\/\/zbranebudai.sk\/hu\/wp-json\/wp\/v2\/product_cat?post=13363"},{"taxonomy":"product_tag","embeddable":true,"href":"https:\/\/zbranebudai.sk\/hu\/wp-json\/wp\/v2\/product_tag?post=13363"}],"curies":[{"name":"wp","href":"https:\/\/api.w.org\/{rel}","templated":true}]}}