{"id":13356,"date":"2025-02-17T17:54:19","date_gmt":"2025-02-17T15:54:19","guid":{"rendered":"https:\/\/zbranebudai.sk\/product\/zasobnik-bx-15-90463-pre-ruger-10-22-a-ine\/"},"modified":"2026-04-09T02:20:54","modified_gmt":"2026-04-09T00:20:54","slug":"adagolo-bx-15-90463-ruger-10-22-es-masokhoz","status":"publish","type":"product","link":"https:\/\/zbranebudai.sk\/hu\/product\/zasobnik-bx-15-90463-pre-ruger-10-22-a-ine\/","title":{"rendered":"BX-15 t\u00e1r (90463) Ruger 10\/22 \u00e9s m\u00e1s t\u00e1rakhoz"},"content":{"rendered":"","protected":false},"excerpt":{"rendered":"<p>T\u00e1r Ruger 10\/22, SR-22, 22 Charger, cal. .22 LR. A t\u00e1r kapacit\u00e1sa 15 t\u00f6lt\u00e9ny.<\/p>","protected":false},"featured_media":5148,"template":"","meta":{"_gspb_post_css":""},"product_brand":[],"product_cat":[1821,1838,1837,1820],"product_tag":[],"class_list":{"0":"post-13356","1":"product","2":"type-product","3":"status-publish","4":"has-post-thumbnail","6":"product_cat-gulovnice-zbrane-b-c","7":"product_cat-prislusenstvo-ruger","8":"product_cat-ruger","9":"product_cat-zbrane-b-c","11":"first","12":"instock","13":"taxable","14":"shipping-taxable","15":"purchasable","16":"product-type-simple"},"ct_brands":[],"_links":{"self":[{"href":"https:\/\/zbranebudai.sk\/hu\/wp-json\/wp\/v2\/product\/13356","targetHints":{"allow":["GET"]}}],"collection":[{"href":"https:\/\/zbranebudai.sk\/hu\/wp-json\/wp\/v2\/product"}],"about":[{"href":"https:\/\/zbranebudai.sk\/hu\/wp-json\/wp\/v2\/types\/product"}],"wp:featuredmedia":[{"embeddable":true,"href":"https:\/\/zbranebudai.sk\/hu\/wp-json\/wp\/v2\/media\/5148"}],"wp:attachment":[{"href":"https:\/\/zbranebudai.sk\/hu\/wp-json\/wp\/v2\/media?parent=13356"}],"wp:term":[{"taxonomy":"product_brand","embeddable":true,"href":"https:\/\/zbranebudai.sk\/hu\/wp-json\/wp\/v2\/product_brand?post=13356"},{"taxonomy":"product_cat","embeddable":true,"href":"https:\/\/zbranebudai.sk\/hu\/wp-json\/wp\/v2\/product_cat?post=13356"},{"taxonomy":"product_tag","embeddable":true,"href":"https:\/\/zbranebudai.sk\/hu\/wp-json\/wp\/v2\/product_tag?post=13356"}],"curies":[{"name":"wp","href":"https:\/\/api.w.org\/{rel}","templated":true}]}}