{"id":13355,"date":"2025-02-17T17:54:19","date_gmt":"2025-02-17T15:54:19","guid":{"rendered":"https:\/\/zbranebudai.sk\/product\/ruger-american-rifle-predator-6974-kal-308win\/"},"modified":"2025-07-12T15:55:32","modified_gmt":"2025-07-12T13:55:32","slug":"ruger-american-puska-predator-6974-cal-308win","status":"publish","type":"product","link":"https:\/\/zbranebudai.sk\/hu\/product\/ruger-american-rifle-predator-6974-kal-308win\/","title":{"rendered":"Ruger American Rifle Predator 6974, cal. .308Win."},"content":{"rendered":"<p>PARAM\u00c9TEREK:<\/p>\n<p>Cs\u0151hossz: 45,7 cm (18 in)<br \/>\nTeljes hossz: 96,5 cm<br \/>\nT\u00e1lcakapacit\u00e1s: 4\u00a0<br \/>\nHord\u00f3 oszt\u00e1s: 1:10<br \/>\nPicatinny s\u00edn: igen<br \/>\nAnyag: ac\u00e9l<br \/>\n\u00cdg\u00e9ret: Szintetikus<br \/>\nS\u00faly: 2,8 kg<\/p>\n<p>\u00a0<\/p>","protected":false},"excerpt":{"rendered":"<p>A Ruger American Rifle\u00ae egy k\u00f6nny\u0171, k\u00f6nnyen kezelhet\u0151 \u00e9s pontos puska, amely innovat\u00edv kialak\u00edt\u00e1s\u00fa, modern anyagok felhaszn\u00e1l\u00e1s\u00e1val k\u00e9sz\u00fclt, \u00e9s amelyet zord id\u0151j\u00e1r\u00e1si k\u00f6r\u00fclm\u00e9nyek k\u00f6z\u00f6tti haszn\u00e1latra terveztek. Az ergonomikus \u00e9s k\u00f6nny\u0171, puha fen\u00e9kt\u00e1masszal ell\u00e1tott m\u0171anyag l\u00f6vegsz\u00e1r a klasszikus kialak\u00edt\u00e1st modern form\u00e1j\u00fa markolattal \u00e9s a markolatpontokn\u00e1l l\u00e9v\u0151 fogaz\u00e1sokkal \u00f6tv\u00f6zi. A fegyver k\u00e9zi biztos\u00edt\u00f3val \u00e9s ravaszbiztos\u00edt\u00e1ssal rendelkezik, a cs\u00faszka 70\u00b0-os sz\u00f6gben kifordul \u00e9s 3 fogaz\u00e1ssal rendelkezik. A ravasz ellen\u00e1ll\u00e1sa 1,36 - 2,27 kg (3 - 5 font) k\u00f6z\u00f6tt \u00e1ll\u00edthat\u00f3. K\u00e9szleten kb. 10.7.2024.<\/p>","protected":false},"featured_media":5146,"template":"","meta":{"_gspb_post_css":""},"product_brand":[],"product_cat":[1821,1874,1837,1873,1820],"product_tag":[],"class_list":{"0":"post-13355","1":"product","2":"type-product","3":"status-publish","4":"has-post-thumbnail","6":"product_cat-gulovnice-zbrane-b-c","7":"product_cat-predator","8":"product_cat-ruger","9":"product_cat-ruger-american-rifle","10":"product_cat-zbrane-b-c","12":"first","13":"outofstock","14":"taxable","15":"shipping-taxable","16":"purchasable","17":"product-type-simple"},"ct_brands":[],"_links":{"self":[{"href":"https:\/\/zbranebudai.sk\/hu\/wp-json\/wp\/v2\/product\/13355","targetHints":{"allow":["GET"]}}],"collection":[{"href":"https:\/\/zbranebudai.sk\/hu\/wp-json\/wp\/v2\/product"}],"about":[{"href":"https:\/\/zbranebudai.sk\/hu\/wp-json\/wp\/v2\/types\/product"}],"wp:featuredmedia":[{"embeddable":true,"href":"https:\/\/zbranebudai.sk\/hu\/wp-json\/wp\/v2\/media\/5146"}],"wp:attachment":[{"href":"https:\/\/zbranebudai.sk\/hu\/wp-json\/wp\/v2\/media?parent=13355"}],"wp:term":[{"taxonomy":"product_brand","embeddable":true,"href":"https:\/\/zbranebudai.sk\/hu\/wp-json\/wp\/v2\/product_brand?post=13355"},{"taxonomy":"product_cat","embeddable":true,"href":"https:\/\/zbranebudai.sk\/hu\/wp-json\/wp\/v2\/product_cat?post=13355"},{"taxonomy":"product_tag","embeddable":true,"href":"https:\/\/zbranebudai.sk\/hu\/wp-json\/wp\/v2\/product_tag?post=13355"}],"curies":[{"name":"wp","href":"https:\/\/api.w.org\/{rel}","templated":true}]}}