{"id":13353,"date":"2025-02-17T17:54:19","date_gmt":"2025-02-17T15:54:19","guid":{"rendered":"https:\/\/zbranebudai.sk\/product\/revolver-co2-ux-tornado-kal-45mm-bb\/"},"modified":"2026-04-16T03:50:05","modified_gmt":"2026-04-16T01:50:05","slug":"revolver-co2-ux-tornado-cal-45mm-bb","status":"publish","type":"product","link":"https:\/\/zbranebudai.sk\/hu\/product\/revolver-co2-ux-tornado-kal-45mm-bb\/","title":{"rendered":"Revolver CO2 UX Tornado, cal. 4,5mm BB"},"content":{"rendered":"","protected":false},"excerpt":{"rendered":"<p>Revolver CO2 cal. 4,5mm BB - ac\u00e9lgoly\u00f3, opp. SA rendszer, polimer fekete, fix h\u00e1ts\u00f3 \u00e9s els\u0151 ir\u00e1nyz\u00e9k, teljes hossza 260 mm, cs\u0151 130 mm, lemezes t\u00e1r 10 goly\u00f3hoz, m\u00e1sodik \u00e9s harmadik t\u00e1r mell\u00e9kelve, k\u00e9zi biztos\u00edt\u00e9k, s\u00faly 687 g, stretch. Sebess\u00e9g ak\u00e1r 130 m\/s.<\/p>","protected":false},"featured_media":5142,"template":"","meta":{"_gspb_post_css":""},"product_brand":[],"product_cat":[1870,1871,1824,1828],"product_tag":[],"class_list":{"0":"post-13353","1":"product","2":"type-product","3":"status-publish","4":"has-post-thumbnail","6":"product_cat-revolvery-na-co2","7":"product_cat-ux","8":"product_cat-zbrane-18-d","9":"product_cat-zbrane-na-co2","11":"first","12":"instock","13":"taxable","14":"shipping-taxable","15":"purchasable","16":"product-type-simple"},"ct_brands":[],"_links":{"self":[{"href":"https:\/\/zbranebudai.sk\/hu\/wp-json\/wp\/v2\/product\/13353","targetHints":{"allow":["GET"]}}],"collection":[{"href":"https:\/\/zbranebudai.sk\/hu\/wp-json\/wp\/v2\/product"}],"about":[{"href":"https:\/\/zbranebudai.sk\/hu\/wp-json\/wp\/v2\/types\/product"}],"wp:featuredmedia":[{"embeddable":true,"href":"https:\/\/zbranebudai.sk\/hu\/wp-json\/wp\/v2\/media\/5142"}],"wp:attachment":[{"href":"https:\/\/zbranebudai.sk\/hu\/wp-json\/wp\/v2\/media?parent=13353"}],"wp:term":[{"taxonomy":"product_brand","embeddable":true,"href":"https:\/\/zbranebudai.sk\/hu\/wp-json\/wp\/v2\/product_brand?post=13353"},{"taxonomy":"product_cat","embeddable":true,"href":"https:\/\/zbranebudai.sk\/hu\/wp-json\/wp\/v2\/product_cat?post=13353"},{"taxonomy":"product_tag","embeddable":true,"href":"https:\/\/zbranebudai.sk\/hu\/wp-json\/wp\/v2\/product_tag?post=13353"}],"curies":[{"name":"wp","href":"https:\/\/api.w.org\/{rel}","templated":true}]}}