{"id":13351,"date":"2025-02-17T17:54:19","date_gmt":"2025-02-17T15:54:19","guid":{"rendered":"https:\/\/zbranebudai.sk\/product\/pistol-hk-p30sk-v3-kal-9x19\/"},"modified":"2026-04-16T03:57:09","modified_gmt":"2026-04-16T01:57:09","slug":"pisztoly-hk-p30sk-v3-cal-9x19","status":"publish","type":"product","link":"https:\/\/zbranebudai.sk\/hu\/product\/pistol-hk-p30sk-v3-kal-9x19\/","title":{"rendered":"Pisztoly HK P30SK V3, cal. 9\u00d719"},"content":{"rendered":"<p>SK - Subcompact. V3 - SA\/DA ravaszmechanizmus (ravaszellen\u00e1ll\u00e1s SA - 24N, DA - 51N). \u00dct\u0151szerkezet\u0171 ravasz. Picatinny s\u00edn. Foszforeszk\u00e1l\u00f3 c\u00e9lz\u00f3k\u00e9sz\u00fcl\u00e9k (1+2 pont). Ugyanaz a t\u00e1r, mint az SFP9SK eset\u00e9ben. Lehet\u0151s\u00e9g van megn\u00f6velt alj\u00fa t\u00e1r v\u00e1s\u00e1rl\u00e1s\u00e1ra (239363) a jobb fog\u00e1s \u00e9rdek\u00e9ben.<\/p>\n<p>PARAM\u00c9TEREK:<\/p>\n<p>T\u00e1rkapacit\u00e1s: 10 t\u00f6lt\u00e9ny<br \/>\nCs\u0151hossz: 83 mm<br \/>\nTeljes hossz: 163 mm<br \/>\nSz\u00e9less\u00e9g: 34 mm<br \/>\nMagass\u00e1g: 116 mm<br \/>\nSz\u00e1nd\u00e9kos hossz: 136 mm<br \/>\nS\u00faly: 680 g<\/p>\n<p>CSOMAG TARTALMA:<\/p>\n<p>1x Pisztoly<br \/>\n2x t\u00e1lca<br \/>\n4x Cser\u00e9lhet\u0151 oldalak + 2x Foganty\u00fa h\u00e1tlapok<br \/>\n1x b\u0151r\u00f6nd<\/p>","protected":false},"excerpt":{"rendered":"<p>A P30 sorozat\u00fa pisztolyok napjaink legmodernebb rend\u0151rs\u00e9gi fegyverei k\u00f6z\u00e9 tartoznak. Fejleszt\u00e9s\u00fck sor\u00e1n els\u0151sorban a biztons\u00e1gra \u00e9s a t\u00f6k\u00e9letes funkcionalit\u00e1sra helyezt\u00e9k a hangs\u00falyt. Ez tette \u0151ket ide\u00e1lis v\u00e1laszt\u00e1ss\u00e1 a rend\u0151ri er\u0151k \u00e9s az \u00f6nv\u00e9delem sz\u00e1m\u00e1ra. A fegyver kialak\u00edt\u00e1sa letisztult form\u00e1kkal, a kezel\u0151szervek k\u00e9tkezes illeszked\u00e9s\u00e9vel rendelkezik, ki\u00e1ll\u00f3 r\u00e9szek \u00e9s \u00e9les sz\u00e9lek n\u00e9lk\u00fcl. A P30 a dics\u0151\u00edtett megb\u00edzhat\u00f3s\u00e1ga mellett legend\u00e1s markolatergon\u00f3mi\u00e1j\u00e1r\u00f3l is ismert. A h\u00e1rom markolatm\u00e9ret cser\u00e9lhet\u0151 oldala \u00e9s h\u00e1tlapja szabadon kombin\u00e1lhat\u00f3 egym\u00e1ssal, \u00e9s ak\u00e1r 27 k\u00fcl\u00f6nb\u00f6z\u0151 vari\u00e1ci\u00f3t tesz lehet\u0151v\u00e9.<\/p>","protected":false},"featured_media":5134,"template":"","meta":{"_gspb_post_css":""},"product_brand":[],"product_cat":[1865,1866,1864,1820],"product_tag":[],"class_list":{"0":"post-13351","1":"product","2":"type-product","3":"status-publish","4":"has-post-thumbnail","6":"product_cat-heckler-koch-pistole-zbrane-b-c","7":"product_cat-p30","8":"product_cat-pistole-zbrane-b-c","9":"product_cat-zbrane-b-c","11":"first","12":"instock","13":"taxable","14":"shipping-taxable","15":"purchasable","16":"product-type-simple"},"ct_brands":[],"_links":{"self":[{"href":"https:\/\/zbranebudai.sk\/hu\/wp-json\/wp\/v2\/product\/13351","targetHints":{"allow":["GET"]}}],"collection":[{"href":"https:\/\/zbranebudai.sk\/hu\/wp-json\/wp\/v2\/product"}],"about":[{"href":"https:\/\/zbranebudai.sk\/hu\/wp-json\/wp\/v2\/types\/product"}],"wp:featuredmedia":[{"embeddable":true,"href":"https:\/\/zbranebudai.sk\/hu\/wp-json\/wp\/v2\/media\/5134"}],"wp:attachment":[{"href":"https:\/\/zbranebudai.sk\/hu\/wp-json\/wp\/v2\/media?parent=13351"}],"wp:term":[{"taxonomy":"product_brand","embeddable":true,"href":"https:\/\/zbranebudai.sk\/hu\/wp-json\/wp\/v2\/product_brand?post=13351"},{"taxonomy":"product_cat","embeddable":true,"href":"https:\/\/zbranebudai.sk\/hu\/wp-json\/wp\/v2\/product_cat?post=13351"},{"taxonomy":"product_tag","embeddable":true,"href":"https:\/\/zbranebudai.sk\/hu\/wp-json\/wp\/v2\/product_tag?post=13351"}],"curies":[{"name":"wp","href":"https:\/\/api.w.org\/{rel}","templated":true}]}}