{"id":13347,"date":"2025-02-17T17:54:16","date_gmt":"2025-02-17T15:54:16","guid":{"rendered":"https:\/\/zbranebudai.sk\/product\/vzduchova-pistol-hatsan-25-supercharger-kal-45mm\/"},"modified":"2026-04-16T05:47:05","modified_gmt":"2026-04-16T03:47:05","slug":"legpisztoly-hatsan-25-supercharger-cal-45mm","status":"publish","type":"product","link":"https:\/\/zbranebudai.sk\/hu\/product\/vzduchova-pistol-hatsan-25-supercharger-kal-45mm\/","title":{"rendered":"L\u00e9gpisztoly Hatsan 25 SuperCharger, cal. 4,5mm"},"content":{"rendered":"<p>PARAM\u00c9TEREK:<\/p>\n<p>Energia: legfeljebb 12 J<br \/>\nMenetsebess\u00e9g: 215 m\/s<br \/>\nCs\u0151hossz: 230 mm<br \/>\nTeljes hossz: 508 mm<br \/>\nC\u00e9l: Truglo z\u00f6ld f\u00e9nyvezet\u0151 sz\u00e1l<br \/>\nFly: Truglo piros k\u00f6nny\u0171v\u00edzi zsin\u00f3r<br \/>\nS\u00faly: 1,7 kg<\/p>","protected":false},"excerpt":{"rendered":"<p>Hatsan 25 SuperCharger - l\u00e9gpisztoly k\u00e9t fokozatban \u00e1ll\u00edthat\u00f3 Quattro ravasz, teljesen \u00e1ll\u00edthat\u00f3 ir\u00e1nyz\u00e9k \u00e9s \u00e1ll\u00edthat\u00f3 magass\u00e1g\u00fa Truglo sz\u00e1loptikai c\u00e9lz\u00f3k\u00e9sz\u00fcl\u00e9k. Az \"XRS-Recoil Reduction System\" rendszer a kifejezetten sima l\u00f6v\u00e9s\u00e9rt. A visszahat\u00e1s elnyel\u0151dik l\u00f6v\u00e9s k\u00f6zben, \u00edgy a l\u00f6v\u00e9s pontosabb \u00e9s k\u00e9nyelmesebb lesz. A 11 mm-es hornyok lehet\u0151v\u00e9 teszik kollim\u00e1tor vagy t\u00e1vcs\u0151 felszerel\u00e9s\u00e9t. A csomag tartalmaz egy alum\u00ednium cs\u0151hosszabb\u00edt\u00f3t a k\u00f6nnyebb cs\u0151t\u00f6r\u00e9s \u00e9rdek\u00e9ben.<\/p>","protected":false},"featured_media":5098,"template":"","meta":{"_gspb_post_css":""},"product_brand":[],"product_cat":[1857,1834,1824],"product_tag":[],"class_list":{"0":"post-13347","1":"product","2":"type-product","3":"status-publish","4":"has-post-thumbnail","6":"product_cat-kratke-vzduchovky","7":"product_cat-vzduchovky","8":"product_cat-zbrane-18-d","10":"first","11":"outofstock","12":"taxable","13":"shipping-taxable","14":"purchasable","15":"product-type-simple"},"ct_brands":[],"_links":{"self":[{"href":"https:\/\/zbranebudai.sk\/hu\/wp-json\/wp\/v2\/product\/13347","targetHints":{"allow":["GET"]}}],"collection":[{"href":"https:\/\/zbranebudai.sk\/hu\/wp-json\/wp\/v2\/product"}],"about":[{"href":"https:\/\/zbranebudai.sk\/hu\/wp-json\/wp\/v2\/types\/product"}],"wp:featuredmedia":[{"embeddable":true,"href":"https:\/\/zbranebudai.sk\/hu\/wp-json\/wp\/v2\/media\/5098"}],"wp:attachment":[{"href":"https:\/\/zbranebudai.sk\/hu\/wp-json\/wp\/v2\/media?parent=13347"}],"wp:term":[{"taxonomy":"product_brand","embeddable":true,"href":"https:\/\/zbranebudai.sk\/hu\/wp-json\/wp\/v2\/product_brand?post=13347"},{"taxonomy":"product_cat","embeddable":true,"href":"https:\/\/zbranebudai.sk\/hu\/wp-json\/wp\/v2\/product_cat?post=13347"},{"taxonomy":"product_tag","embeddable":true,"href":"https:\/\/zbranebudai.sk\/hu\/wp-json\/wp\/v2\/product_tag?post=13347"}],"curies":[{"name":"wp","href":"https:\/\/api.w.org\/{rel}","templated":true}]}}