{"id":13346,"date":"2025-02-17T17:54:16","date_gmt":"2025-02-17T15:54:16","guid":{"rendered":"https:\/\/zbranebudai.sk\/product\/vzduchova-pistol-hatsan-25-kal-45mm\/"},"modified":"2026-04-16T03:40:55","modified_gmt":"2026-04-16T01:40:55","slug":"legpisztoly-hatsan-25-cal-45mm","status":"publish","type":"product","link":"https:\/\/zbranebudai.sk\/hu\/product\/vzduchova-pistol-hatsan-25-kal-45mm\/","title":{"rendered":"L\u00e9gpisztoly Hatsan 25, cal. 4,5mm"},"content":{"rendered":"<p>PARAM\u00c9TEREK:<\/p>\n<p>Energia: legfeljebb 6 J<br \/>\nMenetsebess\u00e9g: 150 m\/s<br \/>\nCs\u0151hossz: 160 mm<br \/>\nTeljes hossz: 370 mm<br \/>\nC\u00e9l: Truglo z\u00f6ld f\u00e9nyvezet\u0151 sz\u00e1l<br \/>\nFly: Truglo piros k\u00f6nny\u0171v\u00edzi zsin\u00f3r<br \/>\nS\u00faly: 1,24 kg<\/p>","protected":false},"excerpt":{"rendered":"<p>A Hatsan 25 egy l\u00e9gpisztoly cal. 4,5 mm-es, \u00e1ll\u00edthat\u00f3 c\u00e9lz\u00f3k\u00e9sz\u00fcl\u00e9kkel \u00e9s Truglo k\u00f6nny\u0171 v\u00edzsz\u00e1las fix c\u00e9lz\u00f3k\u00e9sz\u00fcl\u00e9kkel. A 11 mm-es hornyok lehet\u0151v\u00e9 teszik kollim\u00e1tor vagy t\u00e1vcs\u0151 felszerel\u00e9s\u00e9t. A csomag tartalmaz egy l\u00f6ved\u00e9kcsapd\u00e1t, 200 db l\u00f6ved\u00e9ket \u00e9s c\u00e9lt\u00e1bl\u00e1kat (10 + 10 db).<\/p>","protected":false},"featured_media":5096,"template":"","meta":{"_gspb_post_css":""},"product_brand":[],"product_cat":[1857,1834,1824],"product_tag":[],"class_list":{"0":"post-13346","1":"product","2":"type-product","3":"status-publish","4":"has-post-thumbnail","6":"product_cat-kratke-vzduchovky","7":"product_cat-vzduchovky","8":"product_cat-zbrane-18-d","10":"first","11":"instock","12":"taxable","13":"shipping-taxable","14":"purchasable","15":"product-type-simple"},"ct_brands":[],"_links":{"self":[{"href":"https:\/\/zbranebudai.sk\/hu\/wp-json\/wp\/v2\/product\/13346","targetHints":{"allow":["GET"]}}],"collection":[{"href":"https:\/\/zbranebudai.sk\/hu\/wp-json\/wp\/v2\/product"}],"about":[{"href":"https:\/\/zbranebudai.sk\/hu\/wp-json\/wp\/v2\/types\/product"}],"wp:featuredmedia":[{"embeddable":true,"href":"https:\/\/zbranebudai.sk\/hu\/wp-json\/wp\/v2\/media\/5096"}],"wp:attachment":[{"href":"https:\/\/zbranebudai.sk\/hu\/wp-json\/wp\/v2\/media?parent=13346"}],"wp:term":[{"taxonomy":"product_brand","embeddable":true,"href":"https:\/\/zbranebudai.sk\/hu\/wp-json\/wp\/v2\/product_brand?post=13346"},{"taxonomy":"product_cat","embeddable":true,"href":"https:\/\/zbranebudai.sk\/hu\/wp-json\/wp\/v2\/product_cat?post=13346"},{"taxonomy":"product_tag","embeddable":true,"href":"https:\/\/zbranebudai.sk\/hu\/wp-json\/wp\/v2\/product_tag?post=13346"}],"curies":[{"name":"wp","href":"https:\/\/api.w.org\/{rel}","templated":true}]}}