{"id":13342,"date":"2025-02-17T17:54:15","date_gmt":"2025-02-17T15:54:15","guid":{"rendered":"https:\/\/zbranebudai.sk\/product\/pistol-co2-walther-ppq-kal-45mm-diabolo\/"},"modified":"2026-04-16T03:51:53","modified_gmt":"2026-04-16T01:51:53","slug":"co2-pisztoly-walther-ppq-cal-45mm-diabolo","status":"publish","type":"product","link":"https:\/\/zbranebudai.sk\/hu\/product\/pistol-co2-walther-ppq-kal-45mm-diabolo\/","title":{"rendered":"CO2 pisztoly Walther PPQ, cal. 4,5mm diabolo"},"content":{"rendered":"","protected":false},"excerpt":{"rendered":"<p>CO2 pisztoly kaliber\u0171 pisztoly. 4,5mm diabolo, opp. DA rendszer, polimer v\u00e1z, f\u00e9m cs\u00faszka, fekete, cs\u0151 86 mm, k\u00e9t t\u00e1r 8 t\u00f6lt\u00e9nyre, stretch. 110 m\/s<\/p>","protected":false},"featured_media":5080,"template":"","meta":{"_gspb_post_css":""},"product_brand":[],"product_cat":[1829,2226,1824,1828],"product_tag":[],"class_list":{"0":"post-13342","1":"product","2":"type-product","3":"status-publish","4":"has-post-thumbnail","6":"product_cat-pistole-na-co2","7":"product_cat-walther-pistole-na-co2","8":"product_cat-zbrane-18-d","9":"product_cat-zbrane-na-co2","11":"first","12":"instock","13":"taxable","14":"shipping-taxable","15":"purchasable","16":"product-type-simple"},"ct_brands":[],"_links":{"self":[{"href":"https:\/\/zbranebudai.sk\/hu\/wp-json\/wp\/v2\/product\/13342","targetHints":{"allow":["GET"]}}],"collection":[{"href":"https:\/\/zbranebudai.sk\/hu\/wp-json\/wp\/v2\/product"}],"about":[{"href":"https:\/\/zbranebudai.sk\/hu\/wp-json\/wp\/v2\/types\/product"}],"wp:featuredmedia":[{"embeddable":true,"href":"https:\/\/zbranebudai.sk\/hu\/wp-json\/wp\/v2\/media\/5080"}],"wp:attachment":[{"href":"https:\/\/zbranebudai.sk\/hu\/wp-json\/wp\/v2\/media?parent=13342"}],"wp:term":[{"taxonomy":"product_brand","embeddable":true,"href":"https:\/\/zbranebudai.sk\/hu\/wp-json\/wp\/v2\/product_brand?post=13342"},{"taxonomy":"product_cat","embeddable":true,"href":"https:\/\/zbranebudai.sk\/hu\/wp-json\/wp\/v2\/product_cat?post=13342"},{"taxonomy":"product_tag","embeddable":true,"href":"https:\/\/zbranebudai.sk\/hu\/wp-json\/wp\/v2\/product_tag?post=13342"}],"curies":[{"name":"wp","href":"https:\/\/api.w.org\/{rel}","templated":true}]}}