{"id":13340,"date":"2025-02-17T17:54:15","date_gmt":"2025-02-17T15:54:15","guid":{"rendered":"https:\/\/zbranebudai.sk\/product\/zasobnik-bx-25-90361-pre-ruger-10-22-a-ine\/"},"modified":"2026-04-09T02:03:57","modified_gmt":"2026-04-09T00:03:57","slug":"adagolo-bx-25-90361-ruger-10-22-es-masokhoz","status":"publish","type":"product","link":"https:\/\/zbranebudai.sk\/hu\/product\/zasobnik-bx-25-90361-pre-ruger-10-22-a-ine\/","title":{"rendered":"BX-25 (90361) t\u00e1r Ruger 10\/22 \u00e9s m\u00e1sokhoz"},"content":{"rendered":"","protected":false},"excerpt":{"rendered":"<p>T\u00e1r Ruger 10\/22, SR-22, 22 Charger, cal. .22 LR. A t\u00e1r kapacit\u00e1sa 25 t\u00f6lt\u00e9ny. Rakt\u00e1ron 2024 j\u00falius\u00e1ban.<\/p>","protected":false},"featured_media":5068,"template":"","meta":{"_gspb_post_css":""},"product_brand":[],"product_cat":[1821,1838,1837,1820],"product_tag":[],"class_list":{"0":"post-13340","1":"product","2":"type-product","3":"status-publish","4":"has-post-thumbnail","6":"product_cat-gulovnice-zbrane-b-c","7":"product_cat-prislusenstvo-ruger","8":"product_cat-ruger","9":"product_cat-zbrane-b-c","11":"first","12":"outofstock","13":"taxable","14":"shipping-taxable","15":"purchasable","16":"product-type-simple"},"ct_brands":[],"_links":{"self":[{"href":"https:\/\/zbranebudai.sk\/hu\/wp-json\/wp\/v2\/product\/13340","targetHints":{"allow":["GET"]}}],"collection":[{"href":"https:\/\/zbranebudai.sk\/hu\/wp-json\/wp\/v2\/product"}],"about":[{"href":"https:\/\/zbranebudai.sk\/hu\/wp-json\/wp\/v2\/types\/product"}],"wp:featuredmedia":[{"embeddable":true,"href":"https:\/\/zbranebudai.sk\/hu\/wp-json\/wp\/v2\/media\/5068"}],"wp:attachment":[{"href":"https:\/\/zbranebudai.sk\/hu\/wp-json\/wp\/v2\/media?parent=13340"}],"wp:term":[{"taxonomy":"product_brand","embeddable":true,"href":"https:\/\/zbranebudai.sk\/hu\/wp-json\/wp\/v2\/product_brand?post=13340"},{"taxonomy":"product_cat","embeddable":true,"href":"https:\/\/zbranebudai.sk\/hu\/wp-json\/wp\/v2\/product_cat?post=13340"},{"taxonomy":"product_tag","embeddable":true,"href":"https:\/\/zbranebudai.sk\/hu\/wp-json\/wp\/v2\/product_tag?post=13340"}],"curies":[{"name":"wp","href":"https:\/\/api.w.org\/{rel}","templated":true}]}}