{"id":13339,"date":"2025-02-17T17:54:15","date_gmt":"2025-02-17T15:54:15","guid":{"rendered":"https:\/\/zbranebudai.sk\/product\/airsoft-pistol-walther-p99-dao-kal-6mm-co2\/"},"modified":"2026-04-16T05:24:54","modified_gmt":"2026-04-16T03:24:54","slug":"airsoft-pisztoly-walther-p99-dao-kaliber-6mm-co2","status":"publish","type":"product","link":"https:\/\/zbranebudai.sk\/hu\/product\/airsoft-pistol-walther-p99-dao-kal-6mm-co2\/","title":{"rendered":"Airsoft pisztoly Walther P99 DAO, cal. 6mm, CO2"},"content":{"rendered":"<p>PARAM\u00c9TEREK:<\/p>\n<p>Energia: 2 J<br \/>\nTeljes hossz: 182 mm<br \/>\nKapacit\u00e1s: 15<br \/>\nS\u00faly: 592g<\/p>","protected":false},"excerpt":{"rendered":"<p>A Walther P99 DAO CO2 CO2 airsoft pisztoly a rend\u0151rs\u00e9g \u00e9s m\u00e1s b\u0171n\u00fcld\u00f6z\u0151 szervek \u00e1ltal haszn\u00e1lt \u00e9les v\u00e1ltozat h\u0171 m\u00e1solata. A kialak\u00edt\u00e1s ugyanazt a ravaszutat \u00e9s \u00e1lland\u00f3 ravaszellen\u00e1ll\u00e1st biztos\u00edtja, mint az \u00e9les l\u0151fegyver. A Walther P99 DAO Airsoft v\u00e1ltozata nem csak egy \u00fajabb CO2 pisztoly f\u00e9mcs\u00faszk\u00e1val. Innovat\u00edv, nagy sebess\u00e9g\u0171 CO2 rendszerrel, \u00e1lland\u00f3 Blowback hat\u00e1ssal \u00e9s nagyobb l\u00f6v\u00e9ssz\u00e1mmal rendelkezik egy patrononk\u00e9nt. Aj\u00e1nlott BB s\u00faly 0,25-0,30 g.<\/p>","protected":false},"featured_media":5064,"template":"","meta":{"_gspb_post_css":""},"product_brand":[],"product_cat":[1848,1849,1824],"product_tag":[],"class_list":{"0":"post-13339","1":"product","2":"type-product","3":"status-publish","4":"has-post-thumbnail","6":"product_cat-airsoft","7":"product_cat-airsoft-co2","8":"product_cat-zbrane-18-d","10":"first","11":"instock","12":"taxable","13":"shipping-taxable","14":"purchasable","15":"product-type-simple"},"ct_brands":[],"_links":{"self":[{"href":"https:\/\/zbranebudai.sk\/hu\/wp-json\/wp\/v2\/product\/13339","targetHints":{"allow":["GET"]}}],"collection":[{"href":"https:\/\/zbranebudai.sk\/hu\/wp-json\/wp\/v2\/product"}],"about":[{"href":"https:\/\/zbranebudai.sk\/hu\/wp-json\/wp\/v2\/types\/product"}],"wp:featuredmedia":[{"embeddable":true,"href":"https:\/\/zbranebudai.sk\/hu\/wp-json\/wp\/v2\/media\/5064"}],"wp:attachment":[{"href":"https:\/\/zbranebudai.sk\/hu\/wp-json\/wp\/v2\/media?parent=13339"}],"wp:term":[{"taxonomy":"product_brand","embeddable":true,"href":"https:\/\/zbranebudai.sk\/hu\/wp-json\/wp\/v2\/product_brand?post=13339"},{"taxonomy":"product_cat","embeddable":true,"href":"https:\/\/zbranebudai.sk\/hu\/wp-json\/wp\/v2\/product_cat?post=13339"},{"taxonomy":"product_tag","embeddable":true,"href":"https:\/\/zbranebudai.sk\/hu\/wp-json\/wp\/v2\/product_tag?post=13339"}],"curies":[{"name":"wp","href":"https:\/\/api.w.org\/{rel}","templated":true}]}}