{"id":13335,"date":"2025-02-17T17:54:14","date_gmt":"2025-02-17T15:54:14","guid":{"rendered":"https:\/\/zbranebudai.sk\/product\/bombicky-co2-12g-walther-special-10-ks\/"},"modified":"2026-04-16T03:58:12","modified_gmt":"2026-04-16T01:58:12","slug":"co2-bombak-12g-walther-special-10-db","status":"publish","type":"product","link":"https:\/\/zbranebudai.sk\/hu\/product\/bombicky-co2-12g-walther-special-10-ks\/","title":{"rendered":"12g-os Walther Special CO2 bomba, 10 db"},"content":{"rendered":"<p>FIGYELEM! A bomb\u00e1t ki kell l\u0151ni, \u00e9s nem szabad feleslegesen nyom\u00e1s alatt hagyni a fegyvert. Ha a pisztolyt nem haszn\u00e1lj\u00e1k, a bomb\u00e1t ki kell csavarni, k\u00fcl\u00f6nben a t\u00f6m\u00edt\u0151gy\u0171r\u0171k \u00e9lettartama jelent\u0151sen cs\u00f6kken. A bomb\u00e1t mindig csak akkor csavarja ki, ha \u00fcres! Ha nyom\u00e1s alatt van, a g\u00e1z gyorsan kisz\u00e1rad, ami k\u00e1ros\u00edthatja a fegyvert \u00e9s fagy\u00e1si s\u00e9r\u00fcl\u00e9seket okozhat.<\/p>","protected":false},"excerpt":{"rendered":"<p>A Walther Special pr\u00e9mium CO2-patronok jellemz\u0151je az \u00e1lland\u00f3 nyom\u00e1s \u00e9s a nagy energia. Korr\u00f3zi\u00f3\u00e1ll\u00f3 bels\u0151 bevonatuk tiszt\u00e1n tartja a g\u00e1zt, \u00edgy megakad\u00e1lyozza a CO2-pisztolyok szennyez\u0151d\u00e9s\u00e9t \u00e9s megb\u00edzhat\u00f3 m\u0171k\u00f6d\u00e9st biztos\u00edt. Az egyenletes teljes\u00edtm\u00e9ny \u00e9s pontoss\u00e1g \u00e9rdek\u00e9ben a Walther kapszul\u00e1k a legjobb m\u00e1rka. A Walther CO2 kapszul\u00e1k tiszta term\u00e9szetes sz\u00e9n-dioxidb\u00f3l k\u00e9sz\u00fclnek, ez\u00e9rt nem k\u00e1ros\u00edtj\u00e1k a k\u00f6rnyezetet.<\/p>","protected":false},"featured_media":5054,"template":"","meta":{"_gspb_post_css":""},"product_brand":[],"product_cat":[1833,1824,1828],"product_tag":[],"class_list":{"0":"post-13335","1":"product","2":"type-product","3":"status-publish","4":"has-post-thumbnail","6":"product_cat-co2-prislusenstvo","7":"product_cat-zbrane-18-d","8":"product_cat-zbrane-na-co2","10":"first","11":"instock","12":"taxable","13":"shipping-taxable","14":"purchasable","15":"product-type-simple"},"ct_brands":[],"_links":{"self":[{"href":"https:\/\/zbranebudai.sk\/hu\/wp-json\/wp\/v2\/product\/13335","targetHints":{"allow":["GET"]}}],"collection":[{"href":"https:\/\/zbranebudai.sk\/hu\/wp-json\/wp\/v2\/product"}],"about":[{"href":"https:\/\/zbranebudai.sk\/hu\/wp-json\/wp\/v2\/types\/product"}],"wp:featuredmedia":[{"embeddable":true,"href":"https:\/\/zbranebudai.sk\/hu\/wp-json\/wp\/v2\/media\/5054"}],"wp:attachment":[{"href":"https:\/\/zbranebudai.sk\/hu\/wp-json\/wp\/v2\/media?parent=13335"}],"wp:term":[{"taxonomy":"product_brand","embeddable":true,"href":"https:\/\/zbranebudai.sk\/hu\/wp-json\/wp\/v2\/product_brand?post=13335"},{"taxonomy":"product_cat","embeddable":true,"href":"https:\/\/zbranebudai.sk\/hu\/wp-json\/wp\/v2\/product_cat?post=13335"},{"taxonomy":"product_tag","embeddable":true,"href":"https:\/\/zbranebudai.sk\/hu\/wp-json\/wp\/v2\/product_tag?post=13335"}],"curies":[{"name":"wp","href":"https:\/\/api.w.org\/{rel}","templated":true}]}}