{"id":13334,"date":"2025-02-17T17:54:14","date_gmt":"2025-02-17T15:54:14","guid":{"rendered":"https:\/\/zbranebudai.sk\/product\/zasobnik-na-co2-bombicku-a-gulicky-pre-hk-usp\/"},"modified":"2026-04-16T03:58:12","modified_gmt":"2026-04-16T01:58:12","slug":"kontener-co2-bomba-es-lovedekek-szamara-a-hk-usp-szamara","status":"publish","type":"product","link":"https:\/\/zbranebudai.sk\/hu\/product\/zasobnik-na-co2-bombicku-a-gulicky-pre-hk-usp\/","title":{"rendered":"T\u00e1lca a H&amp;K USP-hez val\u00f3 CO2-patron \u00e9s t\u00f6lt\u00e9nyek sz\u00e1m\u00e1ra"},"content":{"rendered":"","protected":false},"excerpt":{"rendered":"<p>.<\/p>","protected":false},"featured_media":5052,"template":"","meta":{"_gspb_post_css":""},"product_brand":[],"product_cat":[1833,1824,1828],"product_tag":[],"class_list":{"0":"post-13334","1":"product","2":"type-product","3":"status-publish","4":"has-post-thumbnail","6":"product_cat-co2-prislusenstvo","7":"product_cat-zbrane-18-d","8":"product_cat-zbrane-na-co2","10":"first","11":"outofstock","12":"taxable","13":"shipping-taxable","14":"purchasable","15":"product-type-simple"},"ct_brands":[],"_links":{"self":[{"href":"https:\/\/zbranebudai.sk\/hu\/wp-json\/wp\/v2\/product\/13334","targetHints":{"allow":["GET"]}}],"collection":[{"href":"https:\/\/zbranebudai.sk\/hu\/wp-json\/wp\/v2\/product"}],"about":[{"href":"https:\/\/zbranebudai.sk\/hu\/wp-json\/wp\/v2\/types\/product"}],"wp:featuredmedia":[{"embeddable":true,"href":"https:\/\/zbranebudai.sk\/hu\/wp-json\/wp\/v2\/media\/5052"}],"wp:attachment":[{"href":"https:\/\/zbranebudai.sk\/hu\/wp-json\/wp\/v2\/media?parent=13334"}],"wp:term":[{"taxonomy":"product_brand","embeddable":true,"href":"https:\/\/zbranebudai.sk\/hu\/wp-json\/wp\/v2\/product_brand?post=13334"},{"taxonomy":"product_cat","embeddable":true,"href":"https:\/\/zbranebudai.sk\/hu\/wp-json\/wp\/v2\/product_cat?post=13334"},{"taxonomy":"product_tag","embeddable":true,"href":"https:\/\/zbranebudai.sk\/hu\/wp-json\/wp\/v2\/product_tag?post=13334"}],"curies":[{"name":"wp","href":"https:\/\/api.w.org\/{rel}","templated":true}]}}