{"id":13332,"date":"2025-02-17T17:54:14","date_gmt":"2025-02-17T15:54:14","guid":{"rendered":"https:\/\/zbranebudai.sk\/product\/dvojnozka-pre-vzduchovky-combat-zone-ecb-bipod\/"},"modified":"2026-04-09T03:17:54","modified_gmt":"2026-04-09T01:17:54","slug":"bipod-legpuskakhoz-harci-zona-ecb-bipod","status":"publish","type":"product","link":"https:\/\/zbranebudai.sk\/hu\/product\/dvojnozka-pre-vzduchovky-combat-zone-ecb-bipod\/","title":{"rendered":"Combat Zone ECB Bipod l\u00e9gpusk\u00e1khoz Combat Zone ECB Bipod"},"content":{"rendered":"","protected":false},"excerpt":{"rendered":"<p>M\u0171anyag bipod a cs\u0151h\u00f6z.<\/p>","protected":false},"featured_media":5046,"template":"","meta":{"_gspb_post_css":""},"product_brand":[],"product_cat":[1905,1839,1834,1824],"product_tag":[],"class_list":{"0":"post-13332","1":"product","2":"type-product","3":"status-publish","4":"has-post-thumbnail","6":"product_cat-prislusenstvo-prislusenstvo-a-nd","7":"product_cat-prislusenstvo-a-nd","8":"product_cat-vzduchovky","9":"product_cat-zbrane-18-d","11":"first","12":"instock","13":"taxable","14":"shipping-taxable","15":"purchasable","16":"product-type-simple"},"ct_brands":[],"_links":{"self":[{"href":"https:\/\/zbranebudai.sk\/hu\/wp-json\/wp\/v2\/product\/13332","targetHints":{"allow":["GET"]}}],"collection":[{"href":"https:\/\/zbranebudai.sk\/hu\/wp-json\/wp\/v2\/product"}],"about":[{"href":"https:\/\/zbranebudai.sk\/hu\/wp-json\/wp\/v2\/types\/product"}],"wp:featuredmedia":[{"embeddable":true,"href":"https:\/\/zbranebudai.sk\/hu\/wp-json\/wp\/v2\/media\/5046"}],"wp:attachment":[{"href":"https:\/\/zbranebudai.sk\/hu\/wp-json\/wp\/v2\/media?parent=13332"}],"wp:term":[{"taxonomy":"product_brand","embeddable":true,"href":"https:\/\/zbranebudai.sk\/hu\/wp-json\/wp\/v2\/product_brand?post=13332"},{"taxonomy":"product_cat","embeddable":true,"href":"https:\/\/zbranebudai.sk\/hu\/wp-json\/wp\/v2\/product_cat?post=13332"},{"taxonomy":"product_tag","embeddable":true,"href":"https:\/\/zbranebudai.sk\/hu\/wp-json\/wp\/v2\/product_tag?post=13332"}],"curies":[{"name":"wp","href":"https:\/\/api.w.org\/{rel}","templated":true}]}}