{"id":13329,"date":"2025-02-17T17:54:14","date_gmt":"2025-02-17T15:54:14","guid":{"rendered":"https:\/\/zbranebudai.sk\/product\/pistol-co2-heckler-koch-usp-kal-45mm-bb\/"},"modified":"2026-04-16T03:59:09","modified_gmt":"2026-04-16T01:59:09","slug":"co2-pisztoly-heckler-koch-usp-kaliber-45mm-bb","status":"publish","type":"product","link":"https:\/\/zbranebudai.sk\/hu\/product\/pistol-co2-heckler-koch-usp-kal-45mm-bb\/","title":{"rendered":"CO2 pisztoly Heckler &amp; Koch USP, cal. 4,5mm BB"},"content":{"rendered":"","protected":false},"excerpt":{"rendered":"<p>CO2 pisztoly kaliber\u0171 pisztoly. 4,5mm BB - ac\u00e9lgoly\u00f3k, szemben. DA rendszer, polimer v\u00e1z, f\u00e9m z\u00e1rszerkezet, fekete, feh\u00e9r pontc\u00e9lz\u00f3k, 114mm-es cs\u0151, f\u00e9m t\u00e1r 22 l\u00f6v\u00e9sre, stretch. 130m\/s<\/p>","protected":false},"featured_media":5022,"template":"","meta":{"_gspb_post_css":""},"product_brand":[],"product_cat":[1841,1829,1824,1828],"product_tag":[],"class_list":{"0":"post-13329","1":"product","2":"type-product","3":"status-publish","4":"has-post-thumbnail","6":"product_cat-heckler-koch","7":"product_cat-pistole-na-co2","8":"product_cat-zbrane-18-d","9":"product_cat-zbrane-na-co2","11":"first","12":"instock","13":"taxable","14":"shipping-taxable","15":"purchasable","16":"product-type-simple"},"ct_brands":[],"_links":{"self":[{"href":"https:\/\/zbranebudai.sk\/hu\/wp-json\/wp\/v2\/product\/13329","targetHints":{"allow":["GET"]}}],"collection":[{"href":"https:\/\/zbranebudai.sk\/hu\/wp-json\/wp\/v2\/product"}],"about":[{"href":"https:\/\/zbranebudai.sk\/hu\/wp-json\/wp\/v2\/types\/product"}],"wp:featuredmedia":[{"embeddable":true,"href":"https:\/\/zbranebudai.sk\/hu\/wp-json\/wp\/v2\/media\/5022"}],"wp:attachment":[{"href":"https:\/\/zbranebudai.sk\/hu\/wp-json\/wp\/v2\/media?parent=13329"}],"wp:term":[{"taxonomy":"product_brand","embeddable":true,"href":"https:\/\/zbranebudai.sk\/hu\/wp-json\/wp\/v2\/product_brand?post=13329"},{"taxonomy":"product_cat","embeddable":true,"href":"https:\/\/zbranebudai.sk\/hu\/wp-json\/wp\/v2\/product_cat?post=13329"},{"taxonomy":"product_tag","embeddable":true,"href":"https:\/\/zbranebudai.sk\/hu\/wp-json\/wp\/v2\/product_tag?post=13329"}],"curies":[{"name":"wp","href":"https:\/\/api.w.org\/{rel}","templated":true}]}}