{"id":13328,"date":"2025-02-17T17:54:14","date_gmt":"2025-02-17T15:54:14","guid":{"rendered":"https:\/\/zbranebudai.sk\/product\/spust-mechanizmus-hatsan-55-55s-60-70-80-85-90-99-125-135\/"},"modified":"2026-04-16T04:08:53","modified_gmt":"2026-04-16T02:08:53","slug":"kioldo-mechanizmus-hatsan-55-55s-60-70-80-80-85-90-99-125-135-135","status":"publish","type":"product","link":"https:\/\/zbranebudai.sk\/hu\/product\/spust-mechanizmus-hatsan-55-55s-60-70-80-85-90-99-125-135\/","title":{"rendered":"Kiold\u00f3. mechanizmus Hatsan 55\/55S\/60\/70\/80\/85\/90\/99\/99\/99\/125\/135"},"content":{"rendered":"","protected":false},"excerpt":{"rendered":"<p>Hatsan 55\/55S\/60\/70\/80\/80\/85\/90\/99\/125\/135 l\u00e9gpusk\u00e1khoz val\u00f3 ravaszszerkezet<\/p>","protected":false},"featured_media":5002,"template":"","meta":{"_gspb_post_css":""},"product_brand":[],"product_cat":[1840,1839,1834,1824],"product_tag":[],"class_list":{"0":"post-13328","1":"product","2":"type-product","3":"status-publish","4":"has-post-thumbnail","6":"product_cat-nahradne-diely","7":"product_cat-prislusenstvo-a-nd","8":"product_cat-vzduchovky","9":"product_cat-zbrane-18-d","11":"first","12":"instock","13":"taxable","14":"shipping-taxable","15":"purchasable","16":"product-type-simple"},"ct_brands":[],"_links":{"self":[{"href":"https:\/\/zbranebudai.sk\/hu\/wp-json\/wp\/v2\/product\/13328","targetHints":{"allow":["GET"]}}],"collection":[{"href":"https:\/\/zbranebudai.sk\/hu\/wp-json\/wp\/v2\/product"}],"about":[{"href":"https:\/\/zbranebudai.sk\/hu\/wp-json\/wp\/v2\/types\/product"}],"wp:featuredmedia":[{"embeddable":true,"href":"https:\/\/zbranebudai.sk\/hu\/wp-json\/wp\/v2\/media\/5002"}],"wp:attachment":[{"href":"https:\/\/zbranebudai.sk\/hu\/wp-json\/wp\/v2\/media?parent=13328"}],"wp:term":[{"taxonomy":"product_brand","embeddable":true,"href":"https:\/\/zbranebudai.sk\/hu\/wp-json\/wp\/v2\/product_brand?post=13328"},{"taxonomy":"product_cat","embeddable":true,"href":"https:\/\/zbranebudai.sk\/hu\/wp-json\/wp\/v2\/product_cat?post=13328"},{"taxonomy":"product_tag","embeddable":true,"href":"https:\/\/zbranebudai.sk\/hu\/wp-json\/wp\/v2\/product_tag?post=13328"}],"curies":[{"name":"wp","href":"https:\/\/api.w.org\/{rel}","templated":true}]}}