{"id":13326,"date":"2025-02-17T17:54:13","date_gmt":"2025-02-17T15:54:13","guid":{"rendered":"https:\/\/zbranebudai.sk\/product\/pistol-co2-beretta-elite-ll-kal-45mm-bb\/"},"modified":"2026-04-16T03:59:09","modified_gmt":"2026-04-16T01:59:09","slug":"co2-pisztoly-beretta-elite-ll-cal-45mm-bb","status":"publish","type":"product","link":"https:\/\/zbranebudai.sk\/hu\/product\/pistol-co2-beretta-elite-ll-kal-45mm-bb\/","title":{"rendered":"CO2 pisztoly Beretta Elite ll, cal. 4,5mm BB"},"content":{"rendered":"<p>PARAM\u00c9TEREK:<\/p>\n<p>Energia: legfeljebb 3 J<br \/>\nMenetsebess\u00e9g: ak\u00e1r 130 m\/s<br \/>\nCs\u0151hossz: 123 mm<br \/>\nTeljes hossz: 215 mm<br \/>\nA tart\u00e1ly kapacit\u00e1sa: 19<br \/>\nCO\u2082 patron kapacit\u00e1sa: 130 l\u00f6v\u00e9s<br \/>\nS\u00faly: 545 g\u00a0<\/p>","protected":false},"excerpt":{"rendered":"<p>CO2 pisztoly Beretta Elite ll, cal. 4,5mm BB egy nagy teljes\u00edtm\u00e9ny\u0171 modell a CO2 pisztolyok sor\u00e1ban. B\u00e1r nem rendelkezik p\u00f6rgetett cs\u0151vel \u00e9s teljesen polimer testtel, az \u00e1ra meglep\u0151en vonz\u00f3, \u00e9s a rendk\u00edv\u00fcl nagy torkolati sebess\u00e9ggel \u00e9s a nagy kapacit\u00e1s\u00fa 19 t\u00e1rral rengeteg sz\u00f3rakoz\u00e1st ny\u00fajt. A Beretta Elite II t\u00f6k\u00e9letes bel\u00e9p\u0151modell, amely kezd\u0151knek \u00e9s hobbi l\u00f6v\u00e9szeknek is alkalmas.<\/p>","protected":false},"featured_media":4996,"template":"","meta":{"_gspb_post_css":""},"product_brand":[],"product_cat":[1836,1829,1824,1828],"product_tag":[],"class_list":{"0":"post-13326","1":"product","2":"type-product","3":"status-publish","4":"has-post-thumbnail","6":"product_cat-beretta","7":"product_cat-pistole-na-co2","8":"product_cat-zbrane-18-d","9":"product_cat-zbrane-na-co2","11":"first","12":"instock","13":"taxable","14":"shipping-taxable","15":"purchasable","16":"product-type-simple"},"ct_brands":[],"_links":{"self":[{"href":"https:\/\/zbranebudai.sk\/hu\/wp-json\/wp\/v2\/product\/13326","targetHints":{"allow":["GET"]}}],"collection":[{"href":"https:\/\/zbranebudai.sk\/hu\/wp-json\/wp\/v2\/product"}],"about":[{"href":"https:\/\/zbranebudai.sk\/hu\/wp-json\/wp\/v2\/types\/product"}],"wp:featuredmedia":[{"embeddable":true,"href":"https:\/\/zbranebudai.sk\/hu\/wp-json\/wp\/v2\/media\/4996"}],"wp:attachment":[{"href":"https:\/\/zbranebudai.sk\/hu\/wp-json\/wp\/v2\/media?parent=13326"}],"wp:term":[{"taxonomy":"product_brand","embeddable":true,"href":"https:\/\/zbranebudai.sk\/hu\/wp-json\/wp\/v2\/product_brand?post=13326"},{"taxonomy":"product_cat","embeddable":true,"href":"https:\/\/zbranebudai.sk\/hu\/wp-json\/wp\/v2\/product_cat?post=13326"},{"taxonomy":"product_tag","embeddable":true,"href":"https:\/\/zbranebudai.sk\/hu\/wp-json\/wp\/v2\/product_tag?post=13326"}],"curies":[{"name":"wp","href":"https:\/\/api.w.org\/{rel}","templated":true}]}}