{"id":13325,"date":"2025-02-17T17:54:13","date_gmt":"2025-02-17T15:54:13","guid":{"rendered":"https:\/\/zbranebudai.sk\/product\/vzduchovka-hammerli-hf-750-combo-kal-45mm\/"},"modified":"2026-04-16T03:53:58","modified_gmt":"2026-04-16T01:53:58","slug":"legpuska-hammerli-hf-750-combo-cal-45mm","status":"publish","type":"product","link":"https:\/\/zbranebudai.sk\/hu\/product\/vzduchovka-hammerli-hf-750-combo-kal-45mm\/","title":{"rendered":"H\u00e4mmerli HF 750 Combo l\u00e9gpuska, cal. 4,5mm"},"content":{"rendered":"","protected":false},"excerpt":{"rendered":"<p>A H\u00e4mmerli Hunter Force 750 Combo egy j\u00f3l ismert \u00e9s bev\u00e1lt 4,5 mm-es l\u00e9gpuska fa sz\u00e1rral. F\u00e9nyvezet\u0151 retikul\u00e1val (piros sz\u00e1las) \u00e9s c\u00e9lz\u00f3k\u00e9sz\u00fcl\u00e9kkel (z\u00f6ld sz\u00e1las), automatikus els\u00fct\u00e9sbiztos\u00edt\u00e1ssal \u00e9s puha, az \u00fct\u00e9seket j\u00f3l elnyel\u0151 sz\u00e1rcip\u0151vel rendelkezik. Az ir\u00e1nyz\u00e9k magass\u00e1ga \u00e9s oldala \u00e1ll\u00edthat\u00f3, a ravasz pedig \u00e1ll\u00edthat\u00f3 \u00fathossz\u00fas\u00e1g\u00fa. Tartozik hozz\u00e1 UX 4\u00d732-es c\u00e9lt\u00e1vcs\u0151 szerel\u00e9kkel \u00e9s kupakokkal, n\u00e9gykar\u00fa c\u00e9lt\u00e1vcs\u0151, k\u00f6z\u00e9pen menetes sz\u00e1lkereszttel. A cs\u0151 hossza 466 mm, teljes hossza 1105 mm, s\u00falya 3380 g (c\u00e9lt\u00e1vcs\u0151vel egy\u00fctt). 16 J energia a torkolatn\u00e1l.<\/p>","protected":false},"featured_media":4994,"template":"","meta":{"_gspb_post_css":""},"product_brand":[],"product_cat":[1835,1834,1824],"product_tag":[],"class_list":{"0":"post-13325","1":"product","2":"type-product","3":"status-publish","4":"has-post-thumbnail","6":"product_cat-dlhe-vzduchovky","7":"product_cat-vzduchovky","8":"product_cat-zbrane-18-d","10":"first","11":"instock","12":"taxable","13":"shipping-taxable","14":"purchasable","15":"product-type-simple"},"ct_brands":[],"_links":{"self":[{"href":"https:\/\/zbranebudai.sk\/hu\/wp-json\/wp\/v2\/product\/13325","targetHints":{"allow":["GET"]}}],"collection":[{"href":"https:\/\/zbranebudai.sk\/hu\/wp-json\/wp\/v2\/product"}],"about":[{"href":"https:\/\/zbranebudai.sk\/hu\/wp-json\/wp\/v2\/types\/product"}],"wp:featuredmedia":[{"embeddable":true,"href":"https:\/\/zbranebudai.sk\/hu\/wp-json\/wp\/v2\/media\/4994"}],"wp:attachment":[{"href":"https:\/\/zbranebudai.sk\/hu\/wp-json\/wp\/v2\/media?parent=13325"}],"wp:term":[{"taxonomy":"product_brand","embeddable":true,"href":"https:\/\/zbranebudai.sk\/hu\/wp-json\/wp\/v2\/product_brand?post=13325"},{"taxonomy":"product_cat","embeddable":true,"href":"https:\/\/zbranebudai.sk\/hu\/wp-json\/wp\/v2\/product_cat?post=13325"},{"taxonomy":"product_tag","embeddable":true,"href":"https:\/\/zbranebudai.sk\/hu\/wp-json\/wp\/v2\/product_tag?post=13325"}],"curies":[{"name":"wp","href":"https:\/\/api.w.org\/{rel}","templated":true}]}}