{"id":13323,"date":"2025-02-17T17:54:13","date_gmt":"2025-02-17T15:54:13","guid":{"rendered":"https:\/\/zbranebudai.sk\/product\/pistol-exp-walther-p99-cierna-kal-9mm-p-a-k\/"},"modified":"2026-04-16T03:34:15","modified_gmt":"2026-04-16T01:34:15","slug":"pisztoly-exp-walther-p99-fekete-kaloria-9mm-p-a-k","status":"publish","type":"product","link":"https:\/\/zbranebudai.sk\/hu\/product\/pistol-exp-walther-p99-cierna-kal-9mm-p-a-k\/","title":{"rendered":"Pisztoly exp. Walther P99 fekete, cal. 9mm P.A.K."},"content":{"rendered":"<p>PARAM\u00c9TEREK:<\/p>\n<p>Teljes hossz: 177 mm<br \/>\nA tart\u00e1ly kapacit\u00e1sa: 15<br \/>\nS\u00faly: 655 g<\/p>","protected":false},"excerpt":{"rendered":"<p>A Walther P99 expand\u00e1l\u00f3 (ind\u00edt\u00f3- \u00e9s g\u00e1zpisztoly) pisztoly nagyszer\u0171 ergonomikus polimer v\u00e1zzal \u00e9s f\u00e9m cs\u00faszd\u00e1val a n\u00e9met Umarex egyik legkelend\u0151bb expand\u00e1l\u00f3 pisztolya. Ez az \u00e9les Walther P99 h\u0171 m\u00e1solata, amely korunk egyik legmodernebb \u00e9s leginnovat\u00edvabb pisztolya. A Walther P99 massz\u00edv polimer v\u00e1zzal \u00e9s 15 t\u00e1ras, k\u00e9tsoros t\u00e1rral rendelkezik. A kiv\u00e1l\u00f3 kezel\u00e9si k\u00e9nyelem \u00e9s a lehet\u0151 legnagyobb biztons\u00e1g a dekokszol\u00f3nak k\u00f6sz\u00f6nhet\u0151en, ugyanakkor a gyors t\u0171zk\u00e9szs\u00e9g a vil\u00e1g minden t\u00e1j\u00e1n elvar\u00e1zsolja az \u00ednyenceket.<\/p>","protected":false},"featured_media":4980,"template":"","meta":{"_gspb_post_css":""},"product_brand":[],"product_cat":[1825,1831,1826,1830,1824],"product_tag":[],"class_list":{"0":"post-13323","1":"product","2":"type-product","3":"status-publish","4":"has-post-thumbnail","6":"product_cat-expanzne-zbrane","7":"product_cat-pistole-umarex","8":"product_cat-umarex","9":"product_cat-walther","10":"product_cat-zbrane-18-d","12":"first","13":"instock","14":"taxable","15":"shipping-taxable","16":"purchasable","17":"product-type-simple"},"ct_brands":[],"_links":{"self":[{"href":"https:\/\/zbranebudai.sk\/hu\/wp-json\/wp\/v2\/product\/13323","targetHints":{"allow":["GET"]}}],"collection":[{"href":"https:\/\/zbranebudai.sk\/hu\/wp-json\/wp\/v2\/product"}],"about":[{"href":"https:\/\/zbranebudai.sk\/hu\/wp-json\/wp\/v2\/types\/product"}],"wp:featuredmedia":[{"embeddable":true,"href":"https:\/\/zbranebudai.sk\/hu\/wp-json\/wp\/v2\/media\/4980"}],"wp:attachment":[{"href":"https:\/\/zbranebudai.sk\/hu\/wp-json\/wp\/v2\/media?parent=13323"}],"wp:term":[{"taxonomy":"product_brand","embeddable":true,"href":"https:\/\/zbranebudai.sk\/hu\/wp-json\/wp\/v2\/product_brand?post=13323"},{"taxonomy":"product_cat","embeddable":true,"href":"https:\/\/zbranebudai.sk\/hu\/wp-json\/wp\/v2\/product_cat?post=13323"},{"taxonomy":"product_tag","embeddable":true,"href":"https:\/\/zbranebudai.sk\/hu\/wp-json\/wp\/v2\/product_tag?post=13323"}],"curies":[{"name":"wp","href":"https:\/\/api.w.org\/{rel}","templated":true}]}}