{"id":13322,"date":"2025-02-17T17:54:13","date_gmt":"2025-02-17T15:54:13","guid":{"rendered":"https:\/\/zbranebudai.sk\/product\/pistol-co2-walther-cp99-kal-45mm-diabolo\/"},"modified":"2026-04-16T03:51:53","modified_gmt":"2026-04-16T01:51:53","slug":"co2-pisztoly-walther-cp99-cal-45mm-diabolo","status":"publish","type":"product","link":"https:\/\/zbranebudai.sk\/hu\/product\/pistol-co2-walther-cp99-kal-45mm-diabolo\/","title":{"rendered":"CO2 pisztoly Walther CP99, cal. 4,5mm diabolo"},"content":{"rendered":"<p>PARAM\u00c9TEREK:<\/p>\n<p>Energia: 3,5 J<br \/>\nMenetsebess\u00e9g: 120 m\/s<br \/>\nCs\u0151hossz: 85 mm<br \/>\nTeljes hossz: 180 mm<br \/>\nT\u00e1lcakapacit\u00e1s: 8<br \/>\nCO\u2082 bomba kapacit\u00e1sa: 60 l\u00f6v\u00e9s<br \/>\nS\u00faly: 710 g\u00a0<\/p>","protected":false},"excerpt":{"rendered":"<p>A Walther CP99 CO2 pisztoly egyszer\u0171en az eredeti Walther CP99 hiteles m\u00e1solata, amelynek sz\u00e1mos v\u00e1ltozat\u00e1t haszn\u00e1lj\u00e1k a rend\u0151ri er\u0151k vil\u00e1gszerte, \u00e9s amelyet a sportl\u00f6v\u0151k \u00e9s a gy\u0171jt\u0151k is nagyra \u00e9rt\u00e9kelnek. Ez a CO2 v\u00e1ltozat ugyan\u00fagy n\u00e9z ki, \u00e9s ugyanazokkal a m\u0171szaki jellemz\u0151kkel \u00e9s kezel\u0151szervekkel rendelkezik, mint az eredeti. A Walther CP99 l\u00e9gpisztoly huzagolt cs\u0151vel, 8 t\u00f6lt\u00e9nyt tartalmaz\u00f3 f\u00e9m perem\u0171 t\u00e1rral \u00e9s innovat\u00edv r\u00e9szletekkel rendelkezik, bele\u00e9rtve a gyorskiold\u00f3 \u00e9s CO2 t\u00f6lt\u00e9nycsere rendszert.<\/p>","protected":false},"featured_media":4978,"template":"","meta":{"_gspb_post_css":""},"product_brand":[],"product_cat":[1829,2226,1824,1828],"product_tag":[],"class_list":{"0":"post-13322","1":"product","2":"type-product","3":"status-publish","4":"has-post-thumbnail","6":"product_cat-pistole-na-co2","7":"product_cat-walther-pistole-na-co2","8":"product_cat-zbrane-18-d","9":"product_cat-zbrane-na-co2","11":"first","12":"instock","13":"taxable","14":"shipping-taxable","15":"purchasable","16":"product-type-simple"},"ct_brands":[],"_links":{"self":[{"href":"https:\/\/zbranebudai.sk\/hu\/wp-json\/wp\/v2\/product\/13322","targetHints":{"allow":["GET"]}}],"collection":[{"href":"https:\/\/zbranebudai.sk\/hu\/wp-json\/wp\/v2\/product"}],"about":[{"href":"https:\/\/zbranebudai.sk\/hu\/wp-json\/wp\/v2\/types\/product"}],"wp:featuredmedia":[{"embeddable":true,"href":"https:\/\/zbranebudai.sk\/hu\/wp-json\/wp\/v2\/media\/4978"}],"wp:attachment":[{"href":"https:\/\/zbranebudai.sk\/hu\/wp-json\/wp\/v2\/media?parent=13322"}],"wp:term":[{"taxonomy":"product_brand","embeddable":true,"href":"https:\/\/zbranebudai.sk\/hu\/wp-json\/wp\/v2\/product_brand?post=13322"},{"taxonomy":"product_cat","embeddable":true,"href":"https:\/\/zbranebudai.sk\/hu\/wp-json\/wp\/v2\/product_cat?post=13322"},{"taxonomy":"product_tag","embeddable":true,"href":"https:\/\/zbranebudai.sk\/hu\/wp-json\/wp\/v2\/product_tag?post=13322"}],"curies":[{"name":"wp","href":"https:\/\/api.w.org\/{rel}","templated":true}]}}