{"id":13320,"date":"2025-02-17T17:54:13","date_gmt":"2025-02-17T15:54:13","guid":{"rendered":"https:\/\/zbranebudai.sk\/product\/sako-quad-range-kal-22lr-ns-st-10rd-mt-22in\/"},"modified":"2026-04-09T00:59:54","modified_gmt":"2026-04-08T22:59:54","slug":"jacket-quad-range-kal-22lr-ns-st-10rd-mt-22in","status":"publish","type":"product","link":"https:\/\/zbranebudai.sk\/hu\/product\/sako-quad-range-kal-22lr-ns-st-10rd-mt-22in\/","title":{"rendered":"Azt mondja: QUAD Range, cal. .22LR (NS ST 10rd MT 22in)"},"content":{"rendered":"<p>PARAM\u00c9TEREK:<\/p>\n<p>Cs\u0151hossz: 560 mm (22.04 in)<br \/>\nTeljes hossz: 1015 mm<br \/>\nA tart\u00e1ly kapacit\u00e1sa: 10<br \/>\nCs\u0151emelked\u00e9s: 1:16.5<br \/>\nPicatinny s\u00edn: nem<br \/>\n\u00cdg\u00e9ret: Wood<br \/>\nA hord\u00f3: ac\u00e9l: Feket\u00e9re festett ac\u00e9l<br \/>\nS\u00faly: 4,5 kg<\/p>","protected":false},"excerpt":{"rendered":"<p>A Quad Range Jacket egy rendk\u00edv\u00fcl sokoldal\u00fa puska, amely alkalmas l\u0151t\u00e9rre \u00e9s \u00e1ltal\u00e1nos vad\u00e1szatra. Nagyon pontos \u00e9s tart\u00f3s, hideg kov\u00e1csol\u00e1ssal k\u00e9sz\u00fclt, szabadon lebeg\u0151 cs\u0151vel rendelkezik. Ez egy egyed\u00fcl\u00e1ll\u00f3 elj\u00e1r\u00e1s ebben a fegyverkateg\u00f3ri\u00e1ban, amely lehet\u0151v\u00e9 teszi a rendk\u00edv\u00fcl pontos, rezg\u00e9smentes l\u00f6v\u00e9st. A torkolat 1\/2x20UNF menettel van ell\u00e1tva, amely lehet\u0151v\u00e9 teszi a torkolati f\u00e9k haszn\u00e1lat\u00e1t. A Sako Quad Range puska jellemz\u0151ivel, t\u00f6k\u00e9letes ergon\u00f3mi\u00e1j\u00e1val \u00e9s egyedi kialak\u00edt\u00e1s\u00e1val kateg\u00f3ri\u00e1j\u00e1nak egyik legjobbja.<\/p>","protected":false},"featured_media":4974,"template":"","meta":{"_gspb_post_css":""},"product_brand":[],"product_cat":[1821,1822,1823,1820],"product_tag":[],"class_list":{"0":"post-13320","1":"product","2":"type-product","3":"status-publish","4":"has-post-thumbnail","6":"product_cat-gulovnice-zbrane-b-c","7":"product_cat-sako","8":"product_cat-sako-quad","9":"product_cat-zbrane-b-c","11":"first","12":"instock","13":"taxable","14":"shipping-taxable","15":"purchasable","16":"product-type-simple"},"ct_brands":[],"_links":{"self":[{"href":"https:\/\/zbranebudai.sk\/hu\/wp-json\/wp\/v2\/product\/13320","targetHints":{"allow":["GET"]}}],"collection":[{"href":"https:\/\/zbranebudai.sk\/hu\/wp-json\/wp\/v2\/product"}],"about":[{"href":"https:\/\/zbranebudai.sk\/hu\/wp-json\/wp\/v2\/types\/product"}],"wp:featuredmedia":[{"embeddable":true,"href":"https:\/\/zbranebudai.sk\/hu\/wp-json\/wp\/v2\/media\/4974"}],"wp:attachment":[{"href":"https:\/\/zbranebudai.sk\/hu\/wp-json\/wp\/v2\/media?parent=13320"}],"wp:term":[{"taxonomy":"product_brand","embeddable":true,"href":"https:\/\/zbranebudai.sk\/hu\/wp-json\/wp\/v2\/product_brand?post=13320"},{"taxonomy":"product_cat","embeddable":true,"href":"https:\/\/zbranebudai.sk\/hu\/wp-json\/wp\/v2\/product_cat?post=13320"},{"taxonomy":"product_tag","embeddable":true,"href":"https:\/\/zbranebudai.sk\/hu\/wp-json\/wp\/v2\/product_tag?post=13320"}],"curies":[{"name":"wp","href":"https:\/\/api.w.org\/{rel}","templated":true}]}}